{"id":96,"date":"2023-08-22T19:22:20","date_gmt":"2023-08-22T17:22:20","guid":{"rendered":"https:\/\/loanetfabrice.com\/?page_id=96"},"modified":"2026-04-06T14:42:37","modified_gmt":"2026-04-06T12:42:37","slug":"incarner-sa-vraie-nature","status":"publish","type":"page","link":"https:\/\/loanetfabrice.com\/index.php\/incarner-sa-vraie-nature\/","title":{"rendered":"Incarner sa vraie nature"},"content":{"rendered":"\n<figure class=\"wp-block-embed is-type-video is-provider-youtube wp-block-embed-youtube wp-embed-aspect-16-9 wp-has-aspect-ratio\"><div class=\"wp-block-embed__wrapper\">\n<iframe loading=\"lazy\" title=\"Comment incarner sa vraie nature \u2013 chemin spirituel et transformation int\u00e9rieure !\" width=\"500\" height=\"281\" src=\"https:\/\/www.youtube.com\/embed\/J9xEcVzKeIg?feature=oembed\" frameborder=\"0\" allow=\"accelerometer; autoplay; clipboard-write; encrypted-media; gyroscope; picture-in-picture; web-share\" referrerpolicy=\"strict-origin-when-cross-origin\" allowfullscreen><\/iframe>\n<\/div><\/figure>\n\n\n\n<p>A travers les nombreux stages que nous avons donn\u00e9s, nous avons r\u00e9alis\u00e9 combien l\u2019estime de soi joue un r\u00f4le primordial dans notre fa\u00e7on d\u2019aborder la Vie. Elle impacte aussi bien nos choix personnels que professionnels. Elle va de pair avec la confiance en soi. Notre relation \u00e0 nous-m\u00eame et aux autres conditionne notre capacit\u00e9 \u00e0 nous ouvrir \u00e0 la Joie et \u00e0 l\u2019Amour. Nous vous proposons de revisiter ce th\u00e8me sous un jour nouveau en incluant les dimensions \u00e9nerg\u00e9tiques, psycho-\u00e9motionnelles, interactionnelles, transg\u00e9n\u00e9rationnelles, karmiques et spirituelles. Nous avons con\u00e7u ce stage comme une exp\u00e9rience dynamique et initiatique, avec de nombreuses pratiques concr\u00e8tes. &nbsp; &nbsp;<\/p>\n\n\n\n<p><br>Ce s\u00e9jour est une invitation \u00e0 incarner notre vraie nature. Nous d\u00e9buterons notre itin\u00e9raire par une plong\u00e9e en nous-m\u00eame afin de d\u00e9couvrir quelles fondations nous soutiennent et nous construisent, autrement dit : \u00ab\u00a0le mental\u00a0\u00bb ou \u00ab\u00a0l\u2019ego\u00a0\u00bb, tout en consid\u00e9rant qu&rsquo;elles nous permettent aussi d&rsquo;avancer sur notre chemin. Seront propos\u00e9s des exercices visant \u00e0 transformer ce qui bloque, \u00e0 lib\u00e9rer les chaines du pass\u00e9, \u00e0 red\u00e9finir des valeurs porteuses de sens, et \u00e0 trouver un nouvel \u00e9lan en accord avec notre nature profonde. Les notions d&rsquo;estime de soi et d&rsquo;amour de soi seront au&nbsp;c\u0153ur&nbsp;de ce processus. Nous prendrons en consid\u00e9ration l&rsquo;h\u00e9ritage transg\u00e9n\u00e9rationnel, le voyage de l&rsquo;\u00e2me, et l&rsquo;\u00e9tincelle de Vie, et nous les rendrons tangibles gr\u00e2ce \u00e0 des pratiques.&nbsp;Nous d\u00e9couvrirons ce qui sous-tend l&rsquo;ensemble et s&rsquo;exprime \u00e0 travers notre&nbsp;c\u0153ur. Nous explorerons le principe de Vie, aussi appel\u00e9 : la Conscience, le Divin ou le Soi. Tel un souffle immuable, il&nbsp;impr\u00e9gnera&nbsp;nos pas, nous guidera, et s&rsquo;affirmera en nous.<\/p>\n\n\n\n<p>L&rsquo;humour et la convivialit\u00e9 seront nos alli\u00e9s tout au long de cette aventure.<\/p>\n\n\n\n<p>Est inclue dans ce stage une soir\u00e9e sp\u00e9ciale c\u00e9r\u00e9monie du cacao sacr\u00e9, en connexion directe avec l&rsquo;esprit du cacao, accompagn\u00e9e d&rsquo;un voyage sonore (gongs, tambours, vaisseaux de cristal, etc&#8230;). Cette c\u00e9r\u00e9monie vous permettra d&rsquo;ouvrir votre c\u0153ur au champ des possibles et de go\u00fbter \u00e0 la vastitude de l&rsquo;Univers. <\/p>\n\n\n\n<p>Places limit\u00e9es \u00e0 <strong><span style=\"text-decoration: underline;\">16 participants<\/span><\/strong> afin de vous proposer un accompagnement personnalis\u00e9 sur mesure. <\/p>\n\n\n\n<p><strong><span style=\"text-decoration: underline;\">Stage de 5 jours : du mardi 05 au samedi 10 mai 20<\/span><\/strong><span style=\"text-decoration: underline;\"><strong>2<\/strong>6<\/span><\/p>\n\n\n\n<p>Arriv\u00e9e la veille (le lundi 04) et d\u00e9part le lendemain (le dimanche 11).<\/p>\n\n\n\n<p><strong><span style=\"text-decoration: underline;\">Tarif <\/span><\/strong>: <strong>750 \u20ac<\/strong> (stage) + <strong>417 \u20ac<\/strong> (h\u00e9bergement 6 nuits en pension compl\u00e8te veggie)<\/p>\n\n\n\n<p><strong><span style=\"text-decoration: underline;\">Lieu <\/span><\/strong> : G\u00eete tout confort dans la nature en Ard\u00e8che (proche Privas), <span style=\"text-decoration: underline;\">privatis\u00e9<\/span> pour l&rsquo;occasion. Covoiturage possible. Gare TGV : Valence. <\/p>\n\n\n\n<p><span style=\"text-decoration: underline;\">Informations et inscriptions \u00e0 l&#8217;email<\/span> :&nbsp;&nbsp;<a href=\"mailto:loanetfabrice@protonmail.com\"><strong>loanetfabrice@protonmail.com<\/strong><\/a><\/p>\n\n\n\n<p>\u200b<\/p>\n\n\n\n<figure class=\"wp-block-gallery has-nested-images columns-default is-cropped wp-block-gallery-1 is-layout-flex wp-block-gallery-is-layout-flex\">\n<figure class=\"wp-block-image size-large\"><img loading=\"lazy\" decoding=\"async\" width=\"1024\" height=\"683\" data-id=\"990\" src=\"https:\/\/loanetfabrice.com\/wp-content\/uploads\/2026\/03\/02_moulinage-2-1024x683.jpg\" alt=\"\" class=\"wp-image-990\" srcset=\"https:\/\/loanetfabrice.com\/wp-content\/uploads\/2026\/03\/02_moulinage-2-1024x683.jpg 1024w, https:\/\/loanetfabrice.com\/wp-content\/uploads\/2026\/03\/02_moulinage-2-300x200.jpg 300w, https:\/\/loanetfabrice.com\/wp-content\/uploads\/2026\/03\/02_moulinage-2-768x512.jpg 768w, https:\/\/loanetfabrice.com\/wp-content\/uploads\/2026\/03\/02_moulinage-2-1536x1024.jpg 1536w, https:\/\/loanetfabrice.com\/wp-content\/uploads\/2026\/03\/02_moulinage-2.jpg 1620w\" sizes=\"auto, (max-width: 1024px) 100vw, 1024px\" \/><\/figure>\n\n\n\n<figure class=\"wp-block-image size-large\"><img loading=\"lazy\" decoding=\"async\" width=\"1024\" height=\"683\" data-id=\"992\" src=\"https:\/\/loanetfabrice.com\/wp-content\/uploads\/2026\/03\/04_chambres-2-1024x683.jpg\" alt=\"\" class=\"wp-image-992\" srcset=\"https:\/\/loanetfabrice.com\/wp-content\/uploads\/2026\/03\/04_chambres-2-1024x683.jpg 1024w, https:\/\/loanetfabrice.com\/wp-content\/uploads\/2026\/03\/04_chambres-2-300x200.jpg 300w, https:\/\/loanetfabrice.com\/wp-content\/uploads\/2026\/03\/04_chambres-2-768x512.jpg 768w, https:\/\/loanetfabrice.com\/wp-content\/uploads\/2026\/03\/04_chambres-2-1536x1024.jpg 1536w, https:\/\/loanetfabrice.com\/wp-content\/uploads\/2026\/03\/04_chambres-2.jpg 1620w\" sizes=\"auto, (max-width: 1024px) 100vw, 1024px\" \/><\/figure>\n\n\n\n<figure class=\"wp-block-image size-large\"><img loading=\"lazy\" decoding=\"async\" width=\"1024\" height=\"745\" data-id=\"1001\" src=\"https:\/\/loanetfabrice.com\/wp-content\/uploads\/2026\/03\/30_filature-2-1024x745.jpg\" alt=\"\" class=\"wp-image-1001\" srcset=\"https:\/\/loanetfabrice.com\/wp-content\/uploads\/2026\/03\/30_filature-2-1024x745.jpg 1024w, https:\/\/loanetfabrice.com\/wp-content\/uploads\/2026\/03\/30_filature-2-300x218.jpg 300w, https:\/\/loanetfabrice.com\/wp-content\/uploads\/2026\/03\/30_filature-2-768x559.jpg 768w, https:\/\/loanetfabrice.com\/wp-content\/uploads\/2026\/03\/30_filature-2.jpg 1485w\" sizes=\"auto, (max-width: 1024px) 100vw, 1024px\" \/><\/figure>\n\n\n\n<figure class=\"wp-block-image size-large\"><img loading=\"lazy\" decoding=\"async\" width=\"1024\" height=\"572\" data-id=\"991\" src=\"https:\/\/loanetfabrice.com\/wp-content\/uploads\/2026\/03\/06_salle-1-1024x572.jpg\" alt=\"\" class=\"wp-image-991\" srcset=\"https:\/\/loanetfabrice.com\/wp-content\/uploads\/2026\/03\/06_salle-1-1024x572.jpg 1024w, https:\/\/loanetfabrice.com\/wp-content\/uploads\/2026\/03\/06_salle-1-300x167.jpg 300w, https:\/\/loanetfabrice.com\/wp-content\/uploads\/2026\/03\/06_salle-1-768x429.jpg 768w, https:\/\/loanetfabrice.com\/wp-content\/uploads\/2026\/03\/06_salle-1.jpg 1417w\" sizes=\"auto, (max-width: 1024px) 100vw, 1024px\" \/><\/figure>\n\n\n\n<figure class=\"wp-block-image size-large\"><img loading=\"lazy\" decoding=\"async\" width=\"698\" height=\"588\" data-id=\"994\" src=\"https:\/\/loanetfabrice.com\/wp-content\/uploads\/2026\/03\/cabane-1.jpg\" alt=\"\" class=\"wp-image-994\" srcset=\"https:\/\/loanetfabrice.com\/wp-content\/uploads\/2026\/03\/cabane-1.jpg 698w, https:\/\/loanetfabrice.com\/wp-content\/uploads\/2026\/03\/cabane-1-300x253.jpg 300w\" sizes=\"auto, (max-width: 698px) 100vw, 698px\" \/><\/figure>\n\n\n\n<figure class=\"wp-block-image size-large\"><img loading=\"lazy\" decoding=\"async\" width=\"1024\" height=\"683\" data-id=\"993\" src=\"https:\/\/loanetfabrice.com\/wp-content\/uploads\/2026\/03\/07_moulinage-3-1024x683.jpg\" alt=\"\" class=\"wp-image-993\" srcset=\"https:\/\/loanetfabrice.com\/wp-content\/uploads\/2026\/03\/07_moulinage-3-1024x683.jpg 1024w, https:\/\/loanetfabrice.com\/wp-content\/uploads\/2026\/03\/07_moulinage-3-300x200.jpg 300w, https:\/\/loanetfabrice.com\/wp-content\/uploads\/2026\/03\/07_moulinage-3-768x512.jpg 768w, https:\/\/loanetfabrice.com\/wp-content\/uploads\/2026\/03\/07_moulinage-3-1536x1024.jpg 1536w, https:\/\/loanetfabrice.com\/wp-content\/uploads\/2026\/03\/07_moulinage-3.jpg 1620w\" sizes=\"auto, (max-width: 1024px) 100vw, 1024px\" \/><\/figure>\n\n\n\n<figure class=\"wp-block-image size-large\"><img loading=\"lazy\" decoding=\"async\" width=\"1024\" height=\"683\" data-id=\"996\" src=\"https:\/\/loanetfabrice.com\/wp-content\/uploads\/2026\/03\/36_environs-2-1024x683.jpg\" alt=\"\" class=\"wp-image-996\" srcset=\"https:\/\/loanetfabrice.com\/wp-content\/uploads\/2026\/03\/36_environs-2-1024x683.jpg 1024w, https:\/\/loanetfabrice.com\/wp-content\/uploads\/2026\/03\/36_environs-2-300x200.jpg 300w, https:\/\/loanetfabrice.com\/wp-content\/uploads\/2026\/03\/36_environs-2-768x512.jpg 768w, https:\/\/loanetfabrice.com\/wp-content\/uploads\/2026\/03\/36_environs-2-1536x1024.jpg 1536w, https:\/\/loanetfabrice.com\/wp-content\/uploads\/2026\/03\/36_environs-2.jpg 1620w\" sizes=\"auto, (max-width: 1024px) 100vw, 1024px\" \/><\/figure>\n\n\n\n<figure class=\"wp-block-image size-large\"><img loading=\"lazy\" decoding=\"async\" width=\"1024\" height=\"683\" data-id=\"998\" src=\"https:\/\/loanetfabrice.com\/wp-content\/uploads\/2026\/03\/016_moulinage-1-1024x683.jpg\" alt=\"\" class=\"wp-image-998\" srcset=\"https:\/\/loanetfabrice.com\/wp-content\/uploads\/2026\/03\/016_moulinage-1-1024x683.jpg 1024w, https:\/\/loanetfabrice.com\/wp-content\/uploads\/2026\/03\/016_moulinage-1-300x200.jpg 300w, https:\/\/loanetfabrice.com\/wp-content\/uploads\/2026\/03\/016_moulinage-1-768x512.jpg 768w, https:\/\/loanetfabrice.com\/wp-content\/uploads\/2026\/03\/016_moulinage-1-1536x1024.jpg 1536w, https:\/\/loanetfabrice.com\/wp-content\/uploads\/2026\/03\/016_moulinage-1.jpg 1620w\" sizes=\"auto, (max-width: 1024px) 100vw, 1024px\" \/><\/figure>\n\n\n\n<figure class=\"wp-block-image size-large\"><img loading=\"lazy\" decoding=\"async\" width=\"1024\" height=\"683\" data-id=\"995\" src=\"https:\/\/loanetfabrice.com\/wp-content\/uploads\/2026\/03\/033_moulinage-2-1024x683.jpg\" alt=\"\" class=\"wp-image-995\" srcset=\"https:\/\/loanetfabrice.com\/wp-content\/uploads\/2026\/03\/033_moulinage-2-1024x683.jpg 1024w, https:\/\/loanetfabrice.com\/wp-content\/uploads\/2026\/03\/033_moulinage-2-300x200.jpg 300w, https:\/\/loanetfabrice.com\/wp-content\/uploads\/2026\/03\/033_moulinage-2-768x512.jpg 768w, https:\/\/loanetfabrice.com\/wp-content\/uploads\/2026\/03\/033_moulinage-2-1536x1024.jpg 1536w, https:\/\/loanetfabrice.com\/wp-content\/uploads\/2026\/03\/033_moulinage-2.jpg 1620w\" sizes=\"auto, (max-width: 1024px) 100vw, 1024px\" \/><\/figure>\n\n\n\n<figure class=\"wp-block-image size-large\"><img loading=\"lazy\" decoding=\"async\" width=\"1024\" height=\"683\" data-id=\"999\" src=\"https:\/\/loanetfabrice.com\/wp-content\/uploads\/2026\/03\/052_chambres-2-1024x683.jpg\" alt=\"\" class=\"wp-image-999\" srcset=\"https:\/\/loanetfabrice.com\/wp-content\/uploads\/2026\/03\/052_chambres-2-1024x683.jpg 1024w, https:\/\/loanetfabrice.com\/wp-content\/uploads\/2026\/03\/052_chambres-2-300x200.jpg 300w, https:\/\/loanetfabrice.com\/wp-content\/uploads\/2026\/03\/052_chambres-2-768x512.jpg 768w, https:\/\/loanetfabrice.com\/wp-content\/uploads\/2026\/03\/052_chambres-2-1536x1024.jpg 1536w, https:\/\/loanetfabrice.com\/wp-content\/uploads\/2026\/03\/052_chambres-2.jpg 1620w\" sizes=\"auto, (max-width: 1024px) 100vw, 1024px\" \/><\/figure>\n\n\n\n<figure class=\"wp-block-image size-large\"><img loading=\"lazy\" decoding=\"async\" width=\"1024\" height=\"728\" data-id=\"997\" src=\"https:\/\/loanetfabrice.com\/wp-content\/uploads\/2026\/03\/acceuil-2-2-1024x728.jpg\" alt=\"\" class=\"wp-image-997\" srcset=\"https:\/\/loanetfabrice.com\/wp-content\/uploads\/2026\/03\/acceuil-2-2-1024x728.jpg 1024w, https:\/\/loanetfabrice.com\/wp-content\/uploads\/2026\/03\/acceuil-2-2-300x213.jpg 300w, https:\/\/loanetfabrice.com\/wp-content\/uploads\/2026\/03\/acceuil-2-2-768x546.jpg 768w, https:\/\/loanetfabrice.com\/wp-content\/uploads\/2026\/03\/acceuil-2-2.jpg 1372w\" sizes=\"auto, (max-width: 1024px) 100vw, 1024px\" \/><\/figure>\n\n\n\n<figure class=\"wp-block-image size-large\"><img loading=\"lazy\" decoding=\"async\" width=\"1024\" height=\"376\" data-id=\"1000\" src=\"https:\/\/loanetfabrice.com\/wp-content\/uploads\/2026\/03\/acceuil-1-2-1024x376.jpg\" alt=\"\" class=\"wp-image-1000\" srcset=\"https:\/\/loanetfabrice.com\/wp-content\/uploads\/2026\/03\/acceuil-1-2-1024x376.jpg 1024w, https:\/\/loanetfabrice.com\/wp-content\/uploads\/2026\/03\/acceuil-1-2-300x110.jpg 300w, https:\/\/loanetfabrice.com\/wp-content\/uploads\/2026\/03\/acceuil-1-2-768x282.jpg 768w, https:\/\/loanetfabrice.com\/wp-content\/uploads\/2026\/03\/acceuil-1-2-1536x564.jpg 1536w, https:\/\/loanetfabrice.com\/wp-content\/uploads\/2026\/03\/acceuil-1-2-2048x752.jpg 2048w\" sizes=\"auto, (max-width: 1024px) 100vw, 1024px\" \/><\/figure>\n<\/figure>\n\n\n<p><!-- Google tag (gtag.js) --><br \/><script async src=\"https:\/\/www.googletagmanager.com\/gtag\/js?id=AW-18003864354\"><\/script><br \/><script><br \/>\n  window.dataLayer = window.dataLayer || [];<br \/>\n  function gtag(){dataLayer.push(arguments);}<br \/>\n  gtag('js', new Date());<\/p>\n<p>  gtag('config', 'AW-18003864354');<br \/>\n<\/script><\/p>","protected":false},"excerpt":{"rendered":"<p>A travers les nombreux stages que nous avons donn\u00e9s, nous avons r\u00e9alis\u00e9 combien l\u2019estime de soi joue un r\u00f4le primordial dans notre fa\u00e7on d\u2019aborder la Vie. Elle impacte aussi bien nos choix personnels que professionnels. Elle va de pair avec la confiance en soi. Notre relation \u00e0 nous-m\u00eame et aux autres conditionne notre capacit\u00e9 \u00e0 [&hellip;]<\/p>\n","protected":false},"author":1,"featured_media":0,"parent":0,"menu_order":0,"comment_status":"closed","ping_status":"closed","template":"","meta":{"footnotes":""},"class_list":["post-96","page","type-page","status-publish","hentry"],"_links":{"self":[{"href":"https:\/\/loanetfabrice.com\/index.php\/wp-json\/wp\/v2\/pages\/96","targetHints":{"allow":["GET"]}}],"collection":[{"href":"https:\/\/loanetfabrice.com\/index.php\/wp-json\/wp\/v2\/pages"}],"about":[{"href":"https:\/\/loanetfabrice.com\/index.php\/wp-json\/wp\/v2\/types\/page"}],"author":[{"embeddable":true,"href":"https:\/\/loanetfabrice.com\/index.php\/wp-json\/wp\/v2\/users\/1"}],"replies":[{"embeddable":true,"href":"https:\/\/loanetfabrice.com\/index.php\/wp-json\/wp\/v2\/comments?post=96"}],"version-history":[{"count":28,"href":"https:\/\/loanetfabrice.com\/index.php\/wp-json\/wp\/v2\/pages\/96\/revisions"}],"predecessor-version":[{"id":1065,"href":"https:\/\/loanetfabrice.com\/index.php\/wp-json\/wp\/v2\/pages\/96\/revisions\/1065"}],"wp:attachment":[{"href":"https:\/\/loanetfabrice.com\/index.php\/wp-json\/wp\/v2\/media?parent=96"}],"curies":[{"name":"wp","href":"https:\/\/api.w.org\/{rel}","templated":true}]}}