{"id":854,"date":"2026-01-18T17:49:58","date_gmt":"2026-01-18T16:49:58","guid":{"rendered":"https:\/\/loanetfabrice.com\/?page_id=854"},"modified":"2026-03-09T13:50:04","modified_gmt":"2026-03-09T12:50:04","slug":"salon-feel-good","status":"publish","type":"page","link":"https:\/\/loanetfabrice.com\/index.php\/salon-feel-good\/","title":{"rendered":"Salon Feel Good"},"content":{"rendered":"<!-- Google Tag Manager -->\n<script>(function(w,d,s,l,i){w[l]=w[l]||[];w[l].push({'gtm.start':\nnew Date().getTime(),event:'gtm.js'});var f=d.getElementsByTagName(s)[0],\nj=d.createElement(s),dl=l!='dataLayer'?'&l='+l:'';j.async=true;j.src=\n'https:\/\/www.googletagmanager.com\/gtm.js?id='+i+dl;f.parentNode.insertBefore(j,f);\n})(window,document,'script','dataLayer','GTM-PMTRV76S');<\/script>\n<!-- End Google Tag Manager -->\n\n<figure class=\"wp-block-embed is-type-video is-provider-youtube wp-block-embed-youtube wp-embed-aspect-16-9 wp-has-aspect-ratio\"><div class=\"wp-block-embed__wrapper\">\n<iframe loading=\"lazy\" title=\"Du sacr\u00e9 de l\u2019Inde au chemin int\u00e9rieur. Deux conf\u00e9rences pour se souvenir de l\u2019essentiel !\" width=\"500\" height=\"281\" src=\"https:\/\/www.youtube.com\/embed\/hAqeqC3-CtE?start=1&#038;feature=oembed\" frameborder=\"0\" allow=\"accelerometer; autoplay; clipboard-write; encrypted-media; gyroscope; picture-in-picture; web-share\" referrerpolicy=\"strict-origin-when-cross-origin\" allowfullscreen><\/iframe>\n<\/div><\/figure>\n\n\n\n<!-- Google Tag Manager (noscript) -->\n<noscript><iframe src=\"https:\/\/www.googletagmanager.com\/ns.html?id=GTM-PMTRV76S\"\nheight=\"0\" width=\"0\" style=\"display:none;visibility:hidden\"><\/iframe><\/noscript>\n<!-- End Google Tag Manager (noscript) -->\n<p>Retrouvez-nous au salon Feel Good en Belgique ! <\/p>\n\n\n\n<p>Nous serons heureux de vous pr\u00e9senter  2 conf\u00e9rences in\u00e9dites : <\/p>\n\n\n\n<p><span style=\"text-decoration: underline;\">Vendredi 19 h<\/span> : \u00ab\u00a0<strong>Maha Kumbhamela 2025 : immersion en Inde au c\u0153ur du plus grand rassemblement spirituel de tous les temps<\/strong>\u00a0\u00bb . Nous ferons un saut quantique et revenir un an en arri\u00e8re afin de vous faire vivre cet \u00e9v\u00e8nement unique au monde, qui a lieu tous les 144 ans, soit 1 seule fois dans une vie. Vous serez immerger avec nous dans ce bain spirituel sacralis\u00e9 par la convergence des astres. Plus de 650 millions de p\u00e8lerins s&rsquo;y sont rassembl\u00e9s dans un seul but : go\u00fbter au nectar des Dieux et sortir du samsara, le cycle des r\u00e9incarnations.  Parmi cette foule, il \u00e9tait possible de distinguer des ma\u00eetres spirituels et des leaders religieux du Sanatan Dharma, religion \u00e9ternelle et m\u00e8re de toutes les religions. Une occasion rare de pouvoir les rencontrer. <\/p>\n\n\n\n<p><span style=\"text-decoration: underline;\">Samedi 17 h<\/span> : \u00ab\u00a0<strong>Du petit soi au grand Soi, gu\u00e9rison int\u00e9rieure et chemin de conscienc<\/strong>e\u00a0\u00bb. Dans un monde o\u00f9 les informations abondent de toutes parts, comment r\u00e9gler sa boussole int\u00e9rieure et dessiner son propre chemin ? Nous verrons comment le travail th\u00e9rapeutique, le d\u00e9veloppement personnel, la qu\u00eate d\u2019unit\u00e9, et la r\u00e9alisation du Soi se diff\u00e9rencient, et parfois se rejoignent et se compl\u00e8tent. Nous vous apporterons des \u00e9l\u00e9ments de discernement, qui ont pour objectif de devenir des balises sur votre chemin.<\/p>\n\n\n\n<p>Pendant le salon, vous pourrez nous rencontrer sur notre stand. Aussi, nous aurons quelques livres de Loan propos\u00e9s \u00e0 la vente, avec possibilit\u00e9 de d\u00e9dicace personnalis\u00e9e. <\/p>\n\n\n\n<figure class=\"wp-block-image aligncenter size-full\"><img loading=\"lazy\" decoding=\"async\" width=\"940\" height=\"788\" src=\"https:\/\/loanetfabrice.com\/wp-content\/uploads\/2026\/01\/Affiche-feel-good.jpg\" alt=\"\" class=\"wp-image-855\" style=\"aspect-ratio:1.1929170549860204\" srcset=\"https:\/\/loanetfabrice.com\/wp-content\/uploads\/2026\/01\/Affiche-feel-good.jpg 940w, https:\/\/loanetfabrice.com\/wp-content\/uploads\/2026\/01\/Affiche-feel-good-300x251.jpg 300w, https:\/\/loanetfabrice.com\/wp-content\/uploads\/2026\/01\/Affiche-feel-good-768x644.jpg 768w\" sizes=\"auto, (max-width: 940px) 100vw, 940px\" \/><\/figure>\n","protected":false},"excerpt":{"rendered":"<p>Retrouvez-nous au salon Feel Good en Belgique ! Nous serons heureux de vous pr\u00e9senter 2 conf\u00e9rences in\u00e9dites : Vendredi 19 h : \u00ab\u00a0Maha Kumbhamela 2025 : immersion en Inde au c\u0153ur du plus grand rassemblement spirituel de tous les temps\u00a0\u00bb . Nous ferons un saut quantique et revenir un an en arri\u00e8re afin de vous [&hellip;]<\/p>\n","protected":false},"author":1,"featured_media":0,"parent":0,"menu_order":0,"comment_status":"closed","ping_status":"closed","template":"","meta":{"footnotes":""},"class_list":["post-854","page","type-page","status-publish","hentry"],"_links":{"self":[{"href":"https:\/\/loanetfabrice.com\/index.php\/wp-json\/wp\/v2\/pages\/854","targetHints":{"allow":["GET"]}}],"collection":[{"href":"https:\/\/loanetfabrice.com\/index.php\/wp-json\/wp\/v2\/pages"}],"about":[{"href":"https:\/\/loanetfabrice.com\/index.php\/wp-json\/wp\/v2\/types\/page"}],"author":[{"embeddable":true,"href":"https:\/\/loanetfabrice.com\/index.php\/wp-json\/wp\/v2\/users\/1"}],"replies":[{"embeddable":true,"href":"https:\/\/loanetfabrice.com\/index.php\/wp-json\/wp\/v2\/comments?post=854"}],"version-history":[{"count":5,"href":"https:\/\/loanetfabrice.com\/index.php\/wp-json\/wp\/v2\/pages\/854\/revisions"}],"predecessor-version":[{"id":935,"href":"https:\/\/loanetfabrice.com\/index.php\/wp-json\/wp\/v2\/pages\/854\/revisions\/935"}],"wp:attachment":[{"href":"https:\/\/loanetfabrice.com\/index.php\/wp-json\/wp\/v2\/media?parent=854"}],"curies":[{"name":"wp","href":"https:\/\/api.w.org\/{rel}","templated":true}]}}