{"id":794,"date":"2025-12-03T17:03:11","date_gmt":"2025-12-03T16:03:11","guid":{"rendered":"https:\/\/loanetfabrice.com\/?page_id=794"},"modified":"2026-04-06T15:03:41","modified_gmt":"2026-04-06T13:03:41","slug":"eveil-spirituel","status":"publish","type":"page","link":"https:\/\/loanetfabrice.com\/index.php\/eveil-spirituel\/","title":{"rendered":"Eveil Spirituel"},"content":{"rendered":"\n<figure class=\"wp-block-embed is-type-video is-provider-youtube wp-block-embed-youtube wp-embed-aspect-16-9 wp-has-aspect-ratio\"><div class=\"wp-block-embed__wrapper\">\n<iframe loading=\"lazy\" title=\"\u00c9veil Spirituel : Stage immersif de transformation int\u00e9rieure: m\u00e9ditation, conscience, transcendance\" width=\"500\" height=\"281\" src=\"https:\/\/www.youtube.com\/embed\/WiI3m0B0xVY?feature=oembed\" frameborder=\"0\" allow=\"accelerometer; autoplay; clipboard-write; encrypted-media; gyroscope; picture-in-picture; web-share\" referrerpolicy=\"strict-origin-when-cross-origin\" allowfullscreen><\/iframe>\n<\/div><\/figure>\n\n\n\n<p>Une int\u00e9riorit\u00e9 nourrie est tel un jardin qui s&rsquo;\u00e9panouit au fil des saisons. Plus nous y sommes attentifs, plus nous devenons disponibles \u00e0 ce qui se r\u00e9v\u00e8le. La rencontre intime avec nous-m\u00eame nous am\u00e8ne \u00e0 toucher ce qui a toujours \u00e9t\u00e9 l\u00e0, l&rsquo;immuable qui transcende tout. <\/p>\n\n\n\n<p>Deux jours pour se r\u00e9concilier avec soi-m\u00eame, retrouver un axe int\u00e9rieur stable et revenir au monde avec plus de clart\u00e9, de pr\u00e9sence et de justesse. <\/p>\n\n\n\n<p>Nous aborderons cette th\u00e9matique non pas par la th\u00e9orie, mais par l&rsquo;exp\u00e9rientiel \u00e0 travers des exercices pratiques transformateurs. Ainsi, vous ferez directement l&rsquo;exp\u00e9rience de ressentis, de perceptions, de prises de conscience et de changements int\u00e9rieurs. <\/p>\n\n\n\n<p><span style=\"text-decoration: underline;\"><strong>Le weekend des 04 et 05 juillet 2026 pr\u00e8s de Gap (05).<\/strong><\/span> <\/p>\n\n\n\n<p><strong><span style=\"text-decoration: underline;\">Tarif<\/span> : 250 \u20ac<\/strong> (stage + soir\u00e9e c\u00e9r\u00e9monie du cacao sacr\u00e9 avec voyage sonore)<\/p>\n\n\n\n<p>Le stage aura lieu dans un g\u00eete en pleine nature. Il y a diff\u00e9rentes possibilit\u00e9s pour loger sur place, soit dans le g\u00eete, soit en tente ou en van. Sinon, il existe d&rsquo;autres h\u00e9bergements dans la r\u00e9gion selon les besoins de confort de chacun.<\/p>\n\n\n\n<p><strong>N&rsquo;h\u00e9sitez pas \u00e0 nous \u00e9crire si vous \u00eates int\u00e9ress\u00e9s !<\/strong> <strong>Nous pouvons nous d\u00e9placer et organiser le stage chez vous. <\/strong><\/p>\n\n\n\n<p><span style=\"text-decoration: underline;\">Informations et inscriptions \u00e0 l&#8217;email<\/span> :&nbsp;&nbsp;<a href=\"mailto:loanetfabrice@protonmail.com\"><strong>loanetfabrice@protonmail.com<\/strong><\/a><\/p>\n\n\n<p><!-- Google Tag Manager --><br \/><script>(function(w,d,s,l,i){w[l]=w[l]||[];w[l].push({'gtm.start':<br \/>\nnew Date().getTime(),event:'gtm.js'});var f=d.getElementsByTagName(s)[0],<br \/>\nj=d.createElement(s),dl=l!='dataLayer'?'&l='+l:'';j.async=true;j.src=<br \/>\n'https:\/\/www.googletagmanager.com\/gtm.js?id='+i+dl;f.parentNode.insertBefore(j,f);<br \/>\n})(window,document,'script','dataLayer','GTM-PMTRV76S');<\/script><br \/><!-- End Google Tag Manager --><\/p>\n\n\n<p><!-- Google Tag Manager (noscript) --><br><noscript><iframe loading=\"lazy\" src=\"https:\/\/www.googletagmanager.com\/ns.html?id=GTM-PMTRV76S\" height=\"0\" width=\"0\" style=\"display:none;visibility:hidden\"><\/iframe><\/noscript><br><!-- End Google Tag Manager (noscript) --><\/p>\n","protected":false},"excerpt":{"rendered":"<p>Une int\u00e9riorit\u00e9 nourrie est tel un jardin qui s&rsquo;\u00e9panouit au fil des saisons. Plus nous y sommes attentifs, plus nous devenons disponibles \u00e0 ce qui se r\u00e9v\u00e8le. La rencontre intime avec nous-m\u00eame nous am\u00e8ne \u00e0 toucher ce qui a toujours \u00e9t\u00e9 l\u00e0, l&rsquo;immuable qui transcende tout. Deux jours pour se r\u00e9concilier avec soi-m\u00eame, retrouver un [&hellip;]<\/p>\n","protected":false},"author":1,"featured_media":0,"parent":0,"menu_order":0,"comment_status":"closed","ping_status":"closed","template":"","meta":{"footnotes":""},"class_list":["post-794","page","type-page","status-publish","hentry"],"_links":{"self":[{"href":"https:\/\/loanetfabrice.com\/index.php\/wp-json\/wp\/v2\/pages\/794","targetHints":{"allow":["GET"]}}],"collection":[{"href":"https:\/\/loanetfabrice.com\/index.php\/wp-json\/wp\/v2\/pages"}],"about":[{"href":"https:\/\/loanetfabrice.com\/index.php\/wp-json\/wp\/v2\/types\/page"}],"author":[{"embeddable":true,"href":"https:\/\/loanetfabrice.com\/index.php\/wp-json\/wp\/v2\/users\/1"}],"replies":[{"embeddable":true,"href":"https:\/\/loanetfabrice.com\/index.php\/wp-json\/wp\/v2\/comments?post=794"}],"version-history":[{"count":8,"href":"https:\/\/loanetfabrice.com\/index.php\/wp-json\/wp\/v2\/pages\/794\/revisions"}],"predecessor-version":[{"id":1080,"href":"https:\/\/loanetfabrice.com\/index.php\/wp-json\/wp\/v2\/pages\/794\/revisions\/1080"}],"wp:attachment":[{"href":"https:\/\/loanetfabrice.com\/index.php\/wp-json\/wp\/v2\/media?parent=794"}],"curies":[{"name":"wp","href":"https:\/\/api.w.org\/{rel}","templated":true}]}}