{"id":746,"date":"2025-12-03T14:45:59","date_gmt":"2025-12-03T13:45:59","guid":{"rendered":"https:\/\/loanetfabrice.com\/?page_id=746"},"modified":"2026-04-06T21:44:55","modified_gmt":"2026-04-06T19:44:55","slug":"seances-personnalisees","status":"publish","type":"page","link":"https:\/\/loanetfabrice.com\/index.php\/seances-personnalisees\/","title":{"rendered":"S\u00e9ances personnalis\u00e9es"},"content":{"rendered":"\n<div class=\"wp-block-group alignfull is-layout-constrained wp-container-core-group-is-layout-4b87db4f wp-block-group-is-layout-constrained\" style=\"margin-top:0px;margin-bottom:0px;padding-top:64px;padding-bottom:64px\">\n<div class=\"wp-block-columns alignwide is-layout-flex wp-container-core-columns-is-layout-13e2ef3f wp-block-columns-is-layout-flex\">\n<div class=\"wp-block-column has-ti-bg-alt-background-color has-background is-layout-flow wp-block-column-is-layout-flow\" style=\"border-width:2px;padding-top:24px;padding-right:24px;padding-bottom:24px;padding-left:24px\">\n<p>Un temps d\u00e9di\u00e9 \u00e0 votre bien-\u00eatre et \u00e0 votre \u00e9panouissement sur tous les plans. Le moment est venu de faire le point, de lib\u00e9rer les \u00e9l\u00e9ments du pass\u00e9 ind\u00e9sirables ou obsol\u00e8tes, de choisir de garder les aspects qui soutiennent votre chemin, et d&rsquo;ouvrir le champ des possibles afin qu&rsquo;un nouvel \u00e9lan vous porte dans la joie. <\/p>\n<\/div>\n\n\n\n<div class=\"wp-block-column has-ti-bg-alt-background-color has-background is-layout-flow wp-block-column-is-layout-flow\" style=\"border-width:2px;padding-top:24px;padding-right:24px;padding-bottom:24px;padding-left:24px\">\n<figure class=\"wp-block-gallery has-nested-images columns-default is-cropped wp-block-gallery-1 is-layout-flex wp-block-gallery-is-layout-flex\">\n<figure class=\"wp-block-image size-large\"><a href=\"https:\/\/loanetfabrice.com\/index.php\/seances-individuelles\/\"><img loading=\"lazy\" decoding=\"async\" width=\"778\" height=\"1024\" data-id=\"507\" src=\"https:\/\/loanetfabrice.com\/wp-content\/uploads\/2023\/08\/Le-corps-jeune-v-copie-3-778x1024.jpg\" alt=\"\" class=\"wp-image-507\" srcset=\"https:\/\/loanetfabrice.com\/wp-content\/uploads\/2023\/08\/Le-corps-jeune-v-copie-3-778x1024.jpg 778w, https:\/\/loanetfabrice.com\/wp-content\/uploads\/2023\/08\/Le-corps-jeune-v-copie-3-228x300.jpg 228w, https:\/\/loanetfabrice.com\/wp-content\/uploads\/2023\/08\/Le-corps-jeune-v-copie-3-768x1010.jpg 768w, https:\/\/loanetfabrice.com\/wp-content\/uploads\/2023\/08\/Le-corps-jeune-v-copie-3.jpg 881w\" sizes=\"auto, (max-width: 778px) 100vw, 778px\" \/><\/a><\/figure>\n<\/figure>\n<\/div>\n\n\n\n<div class=\"wp-block-column is-vertically-aligned-top has-ti-bg-alt-background-color has-background is-layout-flow wp-block-column-is-layout-flow\" style=\"border-width:2px;padding-top:24px;padding-right:24px;padding-bottom:24px;padding-left:24px\">\n<figure class=\"wp-block-gallery has-nested-images columns-default is-cropped wp-block-gallery-2 is-layout-flex wp-block-gallery-is-layout-flex\">\n<figure class=\"wp-block-image size-full\"><a href=\"https:\/\/loanetfabrice.com\/index.php\/seances-interactionnelles\/\"><img loading=\"lazy\" decoding=\"async\" width=\"1165\" height=\"1545\" data-id=\"898\" src=\"https:\/\/loanetfabrice.com\/wp-content\/uploads\/2026\/02\/Seances-interactionnelles-1.jpg\" alt=\"\" class=\"wp-image-898\" srcset=\"https:\/\/loanetfabrice.com\/wp-content\/uploads\/2026\/02\/Seances-interactionnelles-1.jpg 1165w, https:\/\/loanetfabrice.com\/wp-content\/uploads\/2026\/02\/Seances-interactionnelles-1-226x300.jpg 226w, https:\/\/loanetfabrice.com\/wp-content\/uploads\/2026\/02\/Seances-interactionnelles-1-772x1024.jpg 772w, https:\/\/loanetfabrice.com\/wp-content\/uploads\/2026\/02\/Seances-interactionnelles-1-768x1019.jpg 768w, https:\/\/loanetfabrice.com\/wp-content\/uploads\/2026\/02\/Seances-interactionnelles-1-1158x1536.jpg 1158w\" sizes=\"auto, (max-width: 1165px) 100vw, 1165px\" \/><\/a><\/figure>\n<\/figure>\n<\/div>\n<\/div>\n<\/div>\n\n\n\n<p><\/p>\n","protected":false},"excerpt":{"rendered":"<p>Un temps d\u00e9di\u00e9 \u00e0 votre bien-\u00eatre et \u00e0 votre \u00e9panouissement sur tous les plans. Le moment est venu de faire le point, de lib\u00e9rer les \u00e9l\u00e9ments du pass\u00e9 ind\u00e9sirables ou obsol\u00e8tes, de choisir de garder les aspects qui soutiennent votre chemin, et d&rsquo;ouvrir le champ des possibles afin qu&rsquo;un nouvel \u00e9lan vous porte dans la [&hellip;]<\/p>\n","protected":false},"author":1,"featured_media":0,"parent":0,"menu_order":0,"comment_status":"closed","ping_status":"closed","template":"","meta":{"footnotes":""},"class_list":["post-746","page","type-page","status-publish","hentry"],"_links":{"self":[{"href":"https:\/\/loanetfabrice.com\/index.php\/wp-json\/wp\/v2\/pages\/746","targetHints":{"allow":["GET"]}}],"collection":[{"href":"https:\/\/loanetfabrice.com\/index.php\/wp-json\/wp\/v2\/pages"}],"about":[{"href":"https:\/\/loanetfabrice.com\/index.php\/wp-json\/wp\/v2\/types\/page"}],"author":[{"embeddable":true,"href":"https:\/\/loanetfabrice.com\/index.php\/wp-json\/wp\/v2\/users\/1"}],"replies":[{"embeddable":true,"href":"https:\/\/loanetfabrice.com\/index.php\/wp-json\/wp\/v2\/comments?post=746"}],"version-history":[{"count":6,"href":"https:\/\/loanetfabrice.com\/index.php\/wp-json\/wp\/v2\/pages\/746\/revisions"}],"predecessor-version":[{"id":1126,"href":"https:\/\/loanetfabrice.com\/index.php\/wp-json\/wp\/v2\/pages\/746\/revisions\/1126"}],"wp:attachment":[{"href":"https:\/\/loanetfabrice.com\/index.php\/wp-json\/wp\/v2\/media?parent=746"}],"curies":[{"name":"wp","href":"https:\/\/api.w.org\/{rel}","templated":true}]}}