{"id":61,"date":"2023-08-22T20:20:02","date_gmt":"2023-08-22T18:20:02","guid":{"rendered":"https:\/\/loanetfabrice.com\/?page_id=61"},"modified":"2026-04-06T14:48:23","modified_gmt":"2026-04-06T12:48:23","slug":"praticiens","status":"publish","type":"page","link":"https:\/\/loanetfabrice.com\/index.php\/praticiens\/","title":{"rendered":"Praticiens"},"content":{"rendered":"\n<p><strong><span style=\"text-decoration: underline;\">CLAIRE GENTIL<\/span><\/strong>&nbsp;:&nbsp;<span style=\"text-decoration: underline;\">Paris et \u00e0 distance par internet<\/span>&nbsp;:&nbsp;Soins \u00e9nerg\u00e9tiques &#8211; Constellations familiales &#8211; Recouvrement d&rsquo;\u00e2me -Hypnose<\/p>\n\n\n\n<p>Site :&nbsp;<a rel=\"noreferrer noopener\" href=\"http:\/\/clairegentil.com\/\" target=\"_blank\"><strong>http:\/\/clairegentil.com\/<\/strong><\/a><\/p>\n\n\n\n<p>\u00ab\u00a0Et si vous vous sentiez vraiment bien, totalement vous-m\u00eame ?&nbsp;En lib\u00e9rant votre corps et votre esprit de m\u00e9moires obsol\u00e8tes,&nbsp;retrouvez la joie, la souplesse et l\u2019\u00e9nergie qui sont en vous.\u00a0\u00bb<\/p>\n\n\n\n<p><strong><span style=\"text-decoration: underline;\">SEBASTIEN MAHIER<\/span><\/strong>&nbsp; :&nbsp;<span style=\"text-decoration: underline;\">Tahiti et \u00e0 distance par internet<\/span>&nbsp;:&nbsp;Soins \u00e9nerg\u00e9tiques &#8211; Harmonisation des lieux et hypnose spirituelle&nbsp;&nbsp;<\/p>\n\n\n\n<p>Site :&nbsp;<a rel=\"noreferrer noopener\" href=\"https:\/\/www.subtiletsens.com\/\" target=\"_blank\"><strong><u>www.subtiletsens.com<\/u>&nbsp;&nbsp;<\/strong><\/a><\/p>\n\n\n\n<p>\u00ab\u00a0Ces pratiques que je propose visent \u00e0 retrouver un \u00e9quilibre harmonieux avec les \u00e9nergies subtiles qui nous constituent et nous entourent. Et elles s\u2019exprimeront avant toute chose \u00e0 travers un dialogue transparent entre ma sensibilit\u00e9 et la v\u00f4tre, car c&rsquo;est la condition n\u00e9cessaire pour garder son autonomie et parcourir en conscience le chemin de notre existence.\u00a0\u00bb&nbsp;<\/p>\n\n\n\n<p><strong><span style=\"text-decoration: underline;\">ST\u00c9PHANIE VANACKER<\/span><\/strong>&nbsp;:&nbsp;<span style=\"text-decoration: underline;\">Bordeaux<\/span>&nbsp;:&nbsp;M\u00e9dium &#8211; Harmonisation des personnes et des lieux&nbsp;<\/p>\n\n\n\n<p>Site :&nbsp;<a href=\"https:\/\/www.toutharmonie.com\/\" target=\"_blank\" rel=\"noreferrer noopener\"><strong>https:\/\/www.toutharmonie.com\/<\/strong><\/a>&nbsp;&#8211;&nbsp;Tel : <span style=\"text-decoration: underline;\"><strong>06 07 56 52 38<\/strong><\/span> &#8211; Email :&nbsp;<a href=\"mailto:stephanie.harmonisation@gmail.com\"><strong>toutharmonie@gmail.com<\/strong><\/a><\/p>\n\n\n\n<p>\u00ab\u00a0Vies pass\u00e9es, secrets familiaux, malveillances, perte de vos rep\u00e8res ou troubles dans vos lieux de vie\u2026 Je vous accompagne dans l&rsquo;apaisement, l&rsquo;harmonisation et la gu\u00e9rison de votre \u00e2me et de votre environnement.\u00a0\u00bb<\/p>\n\n\n\n<p><strong><span style=\"text-decoration: underline;\">VANESSA SAAB<\/span><\/strong>&nbsp;:&nbsp;<span style=\"text-decoration: underline;\">Paris, Toulon et via internet<\/span>&nbsp;:&nbsp;Th\u00e9rapie et hypnoth\u00e9rapie &#8211; Sp\u00e9cialit\u00e9 traumas<\/p>\n\n\n\n<p>Tel :&nbsp;<strong><span style=\"text-decoration: underline;\">07 66 77 80 02<\/span><\/strong><\/p>\n\n\n\n<p>\u00ab\u00a0D\u00e9passer les traumatismes, les blessures et les difficult\u00e9s dans le conscient et l\u2019inconscient, le visible et l\u2019invisible, par les th\u00e9rapies br\u00e8ves, &nbsp;l\u2019hypnose et l\u2019\u00e9nerg\u00e9tique. &nbsp;Avancer chaque jour un peu plus vers sa vibration de joie en \u00e9coutant le guidage du corps et de l\u2019\u00e2me.\u00a0\u00bb Auteure de plusieurs livres dont \u00ab\u00a0La voix du corps\u00a0\u00bb.<\/p>\n\n\n\n<p><strong><span style=\"text-decoration: underline;\">GERALDINE LEROUX<\/span><\/strong>&nbsp;:&nbsp;<span style=\"text-decoration: underline;\">Douelle dans le Lot ( 46 )<\/span>&nbsp;: G\u00e9obiologie, soins \u00e9nerg\u00e9tiques et recouvrement d&rsquo;\u00e2me&nbsp;<\/p>\n\n\n\n<p>Site :&nbsp;<strong><a rel=\"noreferrer noopener\" href=\"https:\/\/harmonisation-globale.webnode.fr\/\" target=\"_blank\">https:\/\/harmonisation-globale.webnode.fr\/<\/a>&nbsp;<\/strong><\/p>\n\n\n\n<p>\u00ab\u00a0Par une approche holistique, avec la prise en compte globale de votre \u00eatre dans son contexte et moment de vie :<\/p>\n\n\n\n<p>&#8211; La G\u00e9obiologie, r\u00e9\u00e9quilibrage et harmonisation des \u00e9nergies du lieu en lien avec les habitants<\/p>\n\n\n\n<p>&#8211; Les soins \u00e9nerg\u00e9tiques et le recouvrement d\u2019\u00e2me pour vous accompagner sur votre chemin de vie<\/p>\n\n\n\n<p>S\u00e9ances en cabinet sur La Rochelle ou \u00e0 distance. Me contacter pour toute demande.\u00a0\u00bb<\/p>\n\n\n\n<p><strong><span style=\"text-decoration: underline;\">MARINA ET FREDERIC<\/span><\/strong>&nbsp;:&nbsp;<span style=\"text-decoration: underline;\">Dijon <\/span>&#8211; <span style=\"text-decoration: underline;\">C\u00f4te d&rsquo;Or (21)<\/span>&nbsp;:&nbsp;Th\u00e9rapie \u00e9nerg\u00e9tique&nbsp;<\/p>\n\n\n\n<p>Site :<strong>&nbsp;<a rel=\"noreferrer noopener\" href=\"https:\/\/www.celestis.fr\/\" target=\"_blank\">http:\/\/www.celestis.fr<\/a><\/strong><\/p>\n\n\n\n<p>\u00ab\u00a0Vous \u00eates acteur de votre propre gu\u00e9rison, nous vous accompagnons avec douceur et bienveillance dans la r\u00e9-harmonisation de votre \u00eatre par la mise en lumi\u00e8re et la lib\u00e9ration des diff\u00e9rents blocages (karmiques, transg\u00e9n\u00e9rationnels), des perturbations \u00e9nerg\u00e9tiques, des conditionnements\u2026&nbsp; et partageons avec vous les outils n\u00e9cessaires \u00e0 votre cheminement.&nbsp;<\/p>\n\n\n\n<p><strong><span style=\"text-decoration: underline;\">STEPHANIE COUTENTIN<\/span><\/strong>&nbsp;: <span style=\"text-decoration: underline;\">R\u00e9gion Lyon et \u00e0 distance<\/span> :&nbsp;Programmation de sph\u00e8res &#8211; G\u00e9obiologie&nbsp;<\/p>\n\n\n\n<p>Tel :<strong><span style=\"text-decoration: underline;\"> 06 30 27 87 98<\/span><\/strong> &#8211; Email :&nbsp;<a rel=\"noreferrer noopener\" href=\"mailto:scoutentin@yahoo.fr\" target=\"_blank\"><strong>scoutentin@yahoo.fr<\/strong><\/a><\/p>\n\n\n\n<p>\u00ab\u00a0Vous vous sentez bloqu\u00e9s ? Vous souhaitez changer quelque chose dans votre vie ou modifier une situation tant au niveau personnel, professionnel ou dans votre lieu d&rsquo;habitation?<br>Cela est possible avec la programmation de sph\u00e8res min\u00e9rales. Ce proc\u00e9d\u00e9 ferme des fuites \u00e9nerg\u00e9tiques et permet ainsi le changement dont vous constaterez manifestement les effets.<br>Tarif variable selon la pierre et sa taille (\u00e0 partir de 50 euros).\u00a0\u00bb<\/p>\n\n\n\n<p><strong><span style=\"text-decoration: underline;\">CHRISTEL PICHON-MARTIN<\/span><\/strong>&nbsp;:&nbsp;<span style=\"text-decoration: underline;\">R\u00e9gion Grenoble<\/span>&nbsp;:&nbsp;Magn\u00e9tisme &#8211; Shiatsu \u00e9quin &#8211; Soins \u00e9nerg\u00e9tiques&nbsp;&nbsp;<\/p>\n\n\n\n<p>Email :&nbsp;<a href=\"mailto:christelpms@gmail.com\"><strong>christelpms@gmail.com<\/strong><\/a><\/p>\n\n\n\n<p>\u00ab\u00a0Un moment pour soi, pour se d\u00e9faire de nos blessures, gu\u00e9rir de nos maux et rena\u00eetre en harmonie avec une sensation de paix.<\/p>\n\n\n\n<p>Nos animaux sont nos compagnons de vie : un soin pour leur permettre aussi de se sentir bien et de se lib\u00e9rer.\u00a0\u00bb<\/p>\n\n\n\n<p><span style=\"text-decoration: underline;\"><strong>FLAVIE FEY<\/strong><\/span>&nbsp;:&nbsp;<span style=\"text-decoration: underline;\">Cherbourg<\/span> : Soins \u00e9nerg\u00e9tiques &#8211; Recouvrement d&rsquo;\u00e2me &#8211; Yoga&nbsp;&nbsp;<\/p>\n\n\n\n<p>Site :&nbsp;<a rel=\"noreferrer noopener\" href=\"http:\/\/www.diwaliyoga.fr\/\" target=\"_blank\"><strong>www.diwaliyoga.fr<\/strong><\/a><\/p>\n\n\n\n<p>\u00ab\u00a0Je propose des cours de yoga pour adulte, enfant, femmes enceintes ainsi que du yoga paddle et des stages d&rsquo;un weekend. En pratiquant le yoga r\u00e9guli\u00e8rement, vous allez cheminer vers un \u00e9tat de paix int\u00e9rieure qui va se retrouver \u00e0 l\u2019ext\u00e9rieur. Le yoga va vous donner les moyens d\u2019atteindre un \u00e9quilibre. Le yoga est un chemin vers la r\u00e9alisation de Soi \u00e0 laquelle nous aspirons tous!&nbsp;<\/p>\n\n\n\n<p>De plus, je donne des s\u00e9ances en soins \u00e9nerg\u00e9tiques o\u00f9 je m\u00eale mes connaissances en yoga et l&rsquo;utilisation de mes capacit\u00e9s extrasensorielles.\u00a0\u00bb&nbsp;<\/p>\n\n\n\n<p><span style=\"text-decoration: underline;\"><strong>MARIE BARREAU<\/strong><\/span>&nbsp;:&nbsp;<span style=\"text-decoration: underline;\">Bretagne<\/span>&nbsp;:&nbsp;G\u00e9obiologie &#8211; Radiesth\u00e9sie &#8211; Soins \u00e9nerg\u00e9tiques&nbsp;<\/p>\n\n\n\n<p>Site :&nbsp;<a rel=\"noreferrer noopener\" href=\"https:\/\/www.ateliermarieb.com\/\" target=\"_blank\"><strong>https:\/\/www.ateliermarieb.com\/<\/strong><\/a><\/p>\n\n\n\n<p>\u00ab\u00a0A travers la g\u00e9obiologie et la pratique de soins, je participe \u00e0 l&rsquo;\u00e9l\u00e9vation \u00e9nerg\u00e9tique des \u00eatres et des lieux de vie. Travail \u00e0 distance et en cabinet (Redon-35 et Rochefort en Terre-56). Ateliers tous les trimestres pour partager l\u2019enchantement.\u00a0\u00bb<\/p>\n\n\n\n<p><strong><span style=\"text-decoration: underline;\">MURIEL FORSANS&nbsp;<\/span><\/strong>:&nbsp;<span style=\"text-decoration: underline;\">Rh\u00f4ne-Alpes, Nyons et \u00e0 distance<\/span>&nbsp;:&nbsp;Th\u00e9rapie \u00e9nerg\u00e9tique&nbsp;&nbsp;<\/p>\n\n\n\n<p>Email :&nbsp;<a href=\"mailto:murielforsans@outlook.fr\"><strong>murielforsans@outlook.fr<\/strong><\/a>&nbsp;&#8211;&nbsp;Tel : <strong><span style=\"text-decoration: underline;\">07 82 57 30 13<\/span><\/strong> &#8211; Site : &nbsp;<a rel=\"noreferrer noopener\" href=\"https:\/\/murielforsans.fr\/\" target=\"_blank\"><strong>https:\/\/murielforsans.fr&nbsp;<\/strong><\/a><\/p>\n\n\n\n<p>\u00ab\u00a0L\u2019harmonisation du flux \u00e9nerg\u00e9tique de votre corps et de votre esprit, une porte vers votre sant\u00e9 et votre \u00e9panouissement ! &#8211; Vous d\u00e9sirez avancer sur votre chemin de vie, vous lib\u00e9rer de blocages \u00e9motionnels, l\u00e2cher les peurs, nettoyer les m\u00e9moires cellulaires anciennes. Je vous accompagne vers plus de douceur, de libert\u00e9 int\u00e9rieure et de joie afin que vous (re)trouviez votre plein potentiel.\u00a0\u00bb<\/p>\n\n\n\n<p><strong><span style=\"text-decoration: underline;\">AUDE BEAUSEJOUR<\/span><\/strong>&nbsp;:&nbsp;<span style=\"text-decoration: underline;\">Marseille &amp; Toulon<\/span>&nbsp;: Hypnose &#8211; Soin \u00e9nerg\u00e9tique et de l\u2019\u00e2me &#8211; Dento-humanosophie<\/p>\n\n\n\n<p>Tel :&nbsp;<strong><span style=\"text-decoration: underline;\">06.44.66.23.26<\/span><\/strong>&nbsp;<\/p>\n\n\n\n<p>\u00ab\u00a0Quel bel objectif d\u2019\u00eatre soi sans jeu sans peur.<br>Il est temps de mettre dans nos vies de la douceur<br>Je vais vous accompagner avec (l\u2019)Energie<br>Aid\u00e9e d\u2019amour et de la force de la rose<br>A des fins de remettre en vous de la vie<br>Je n\u2019ai plus qu\u2019\u00e0 vous dire : TU ES PARFAIT, JUSTE OSE!\u00a0\u00bb<\/p>\n\n\n\n<p><strong><span style=\"text-decoration: underline;\">CLAUDIA JAVAUD<\/span><\/strong>&nbsp;:&nbsp;<span style=\"text-decoration: underline;\">Montpellier et Paris<\/span>&nbsp;:&nbsp;Energith\u00e9rapeute&nbsp;<\/p>\n\n\n\n<p>Email&nbsp;:&nbsp;<a href=\"mailto:lusse23@hotmail.com\"><strong>lusse23@hotmail.com<\/strong><\/a><\/p>\n\n\n\n<p>\u00ab\u00a0Soigner les corps et les&nbsp;c\u0153urs, passer de la douleur \u00e0 la douceur, et vivre pleinement son chemin de vie en toute harmonie.<\/p>\n\n\n\n<p><a href=\"https:\/\/florencehubert.com\/\" target=\"_blank\" rel=\"noreferrer noopener\">S\u00e9ance sur rendez-vous et ateliers d&rsquo;ouverture aux capacit\u00e9s extrasensorielles.&nbsp;<\/a><\/p>\n\n\n\n<p><strong><span style=\"text-decoration: underline;\">SOPHIE LAFFRAY<\/span><\/strong>&nbsp;:&nbsp;<span style=\"text-decoration: underline;\">Montpellier<\/span>&nbsp;:&nbsp;Biologiste Naturopathe&nbsp;<\/p>\n\n\n\n<p>Site : <a rel=\"noreferrer noopener\" href=\"http:\/\/natiivlife.com\/\" target=\"_blank\"><strong>http:\/\/natiivlife.com\/<\/strong><\/a><\/p>\n\n\n\n<p>\u00ab\u00a0S\u00e9ances et ateliers de Bien-\u00eatre holistique, pour un voyage au c\u0153ur de Soi\u00a0\u00bb.&nbsp;<\/p>\n\n\n\n<p><strong><span style=\"text-decoration: underline;\">NATHALIE GUEROUX&nbsp;<\/span><\/strong>:&nbsp;<span style=\"text-decoration: underline;\">Limoges<\/span>&nbsp;:&nbsp;Shiatsu et soins \u00e9nerg\u00e9tiques&nbsp;<\/p>\n\n\n\n<p>Email :&nbsp;<a href=\"mailto:nath.gueroux@wanadoo.fr\"><strong>nath.gueroux@wanadoo.fr<\/strong><\/a><\/p>\n\n\n\n<p><strong><span style=\"text-decoration: underline;\">CAROLINE DUCREST<\/span><\/strong>&nbsp;:&nbsp;<span style=\"text-decoration: underline;\">Paris<\/span>&nbsp;:&nbsp;Soins \u00e9nerg\u00e9tiques et harmonisation&nbsp;<\/p>\n\n\n\n<p>Site :&nbsp;<a href=\"https:\/\/www.carolineducrest.com\/\" target=\"_blank\" rel=\"noopener\"><strong>https:\/\/www.carolineducrest.com\/<\/strong><\/a><\/p>\n\n\n\n<p>\u00ab\u00a0Danseuse professionnelle, je vous propose des soins \u00e9nerg\u00e9tiques pour r\u00e9-harmoniser votre corps dans toutes ses dimensions, l\u00e2cher votre mental, vos douleurs, vos blocages et vous accompagner dans vos transformations.\u00a0\u00bb<\/p>\n\n\n\n<p><strong><span style=\"text-decoration: underline;\">PATRICIA LISTRE<\/span><\/strong>&nbsp;:&nbsp; <span style=\"text-decoration: underline;\">Morbihan<\/span>&nbsp;:&nbsp;Th\u00e9rapie souffle et voix&nbsp;<\/p>\n\n\n\n<p>Site :&nbsp;<a rel=\"noreferrer noopener\" href=\"http:\/\/aucoeurdelavoix.com\/\" target=\"_blank\"><strong>http:\/\/aucoeurdelavoix.com\/<\/strong><\/a><\/p>\n\n\n\n<p>\u00ab\u00a0Le travail int\u00e9rieur propos\u00e9 est surtout ax\u00e9 autour de la parole, du souffle, de la voix et du corps, ce qui signifie le son, la vibration, les vocalises, le mouvement et les prises de conscience.\u00a0\u00bb<\/p>\n\n\n\n<p><strong><span style=\"text-decoration: underline;\">YVELINE FOUCHET<\/span><\/strong>&nbsp;:&nbsp;<span style=\"text-decoration: underline;\">Toulouse <\/span>&nbsp;:&nbsp;Th\u00e9rapie, hypnose r\u00e9gressive quantique.<\/p>\n\n\n\n<p>Email :&nbsp;<a href=\"mailto:foucherline75@gmail.com\" target=\"_blank\" rel=\"noreferrer noopener\"><strong>foucherline75@gmail.com<\/strong><\/a><\/p>\n\n\n\n<p>\u00ab\u00a0Grace \u00e0 diff\u00e9rentes approches, vous d\u00e9nouerez les blocages \u00e9motionnels, les tensions de vos&nbsp;vies&nbsp;ant\u00e9rieures, pass\u00e9es et pr\u00e9sentes. Et vous ouvrirez les portes vers de nouveaux horizons..\u00a0\u00bb<\/p>\n\n\n<p><!-- Google Tag Manager --><br \/><script>(function(w,d,s,l,i){w[l]=w[l]||[];w[l].push({'gtm.start':<br \/>\nnew Date().getTime(),event:'gtm.js'});var f=d.getElementsByTagName(s)[0],<br \/>\nj=d.createElement(s),dl=l!='dataLayer'?'&l='+l:'';j.async=true;j.src=<br \/>\n'https:\/\/www.googletagmanager.com\/gtm.js?id='+i+dl;f.parentNode.insertBefore(j,f);<br \/>\n})(window,document,'script','dataLayer','GTM-PMTRV76S');<\/script><br \/><!-- End Google Tag Manager --><\/p>","protected":false},"excerpt":{"rendered":"<p>CLAIRE GENTIL&nbsp;:&nbsp;Paris et \u00e0 distance par internet&nbsp;:&nbsp;Soins \u00e9nerg\u00e9tiques &#8211; Constellations familiales &#8211; Recouvrement d&rsquo;\u00e2me -Hypnose Site :&nbsp;http:\/\/clairegentil.com\/ \u00ab\u00a0Et si vous vous sentiez vraiment bien, totalement vous-m\u00eame ?&nbsp;En lib\u00e9rant votre corps et votre esprit de m\u00e9moires obsol\u00e8tes,&nbsp;retrouvez la joie, la souplesse et l\u2019\u00e9nergie qui sont en vous.\u00a0\u00bb SEBASTIEN MAHIER&nbsp; :&nbsp;Tahiti et \u00e0 distance par internet&nbsp;:&nbsp;Soins \u00e9nerg\u00e9tiques [&hellip;]<\/p>\n","protected":false},"author":1,"featured_media":0,"parent":0,"menu_order":0,"comment_status":"closed","ping_status":"closed","template":"","meta":{"footnotes":""},"class_list":["post-61","page","type-page","status-publish","hentry"],"_links":{"self":[{"href":"https:\/\/loanetfabrice.com\/index.php\/wp-json\/wp\/v2\/pages\/61","targetHints":{"allow":["GET"]}}],"collection":[{"href":"https:\/\/loanetfabrice.com\/index.php\/wp-json\/wp\/v2\/pages"}],"about":[{"href":"https:\/\/loanetfabrice.com\/index.php\/wp-json\/wp\/v2\/types\/page"}],"author":[{"embeddable":true,"href":"https:\/\/loanetfabrice.com\/index.php\/wp-json\/wp\/v2\/users\/1"}],"replies":[{"embeddable":true,"href":"https:\/\/loanetfabrice.com\/index.php\/wp-json\/wp\/v2\/comments?post=61"}],"version-history":[{"count":11,"href":"https:\/\/loanetfabrice.com\/index.php\/wp-json\/wp\/v2\/pages\/61\/revisions"}],"predecessor-version":[{"id":1072,"href":"https:\/\/loanetfabrice.com\/index.php\/wp-json\/wp\/v2\/pages\/61\/revisions\/1072"}],"wp:attachment":[{"href":"https:\/\/loanetfabrice.com\/index.php\/wp-json\/wp\/v2\/media?parent=61"}],"curies":[{"name":"wp","href":"https:\/\/api.w.org\/{rel}","templated":true}]}}