{"id":517,"date":"2024-11-05T19:00:53","date_gmt":"2024-11-05T18:00:53","guid":{"rendered":"https:\/\/loanetfabrice.com\/?page_id=517"},"modified":"2026-04-23T16:28:47","modified_gmt":"2026-04-23T14:28:47","slug":"seances-interactionnelles","status":"publish","type":"page","link":"https:\/\/loanetfabrice.com\/index.php\/seances-interactionnelles\/","title":{"rendered":"S\u00e9ances interactionnelles"},"content":{"rendered":"\n<p>Nous proposons deux formules de s\u00e9ances interactionnelles :<\/p>\n\n\n\n<p>1\/Un format sur 2h00 \u00e0 distance en visio. Cette s\u00e9ance peut \u00eatre unique ou renouvel\u00e9e selon la demande de chacun.<\/p>\n\n\n\n<p>2\/Un intensif sur 2 ou 3 jours en pr\u00e9sentiel (d\u00e9di\u00e9 sp\u00e9cifiquement \u00e0 des personnes ayant besoin de faire un changement significatif dans leur relation). La formule \u00ab\u00a0intensif\u00a0\u00bb s&rsquo;organise ensemble suite \u00e0 une s\u00e9ance en visio au pr\u00e9alable.<\/p>\n\n\n\n<p>Quelle que soit la formule, nous travaillons en utilisant l\u2019ensemble de nos outils acquis et d\u00e9velopp\u00e9s pendant nos 20 ans d\u2019exp\u00e9rience. Nous faisons appel \u00e0 nos capacit\u00e9s extrasensorielles, ce qui nous permet d\u2019appr\u00e9hender les h\u00e9ritages transg\u00e9n\u00e9rationnels, le cheminement karmique de l\u2019\u00e2me, ainsi que tous les aspects pr\u00e9sents dans la vie actuelle.<\/p>\n\n\n\n<p>De plus, Fabrice est praticien et formateur en \u00ab\u00a0th\u00e9rapie br\u00e8ve syst\u00e9mique et strat\u00e9gique\u00a0\u00bb. Il excelle dans la perception globale d&rsquo;une situation en tenant compte des enjeux interactionnels, que ce soit au niveau personnel ou professionnel. On le surnomme \u00ab\u00a0one sentence therapy\u00a0\u00bb (la th\u00e9rapie en une seule phrase). <\/p>\n\n\n\n<p>Loan, quant \u00e0 elle, a cr\u00e9\u00e9 la \u00ab\u00a0th\u00e9rapie globale sacr\u00e9e\u00a0\u00bb, une approche th\u00e9rapeutique holistique englobant le corps physique et ses diff\u00e9rents \u00e9tats d\u2019\u00eatre, le champ vibratoire et ses structures, les chakras, les corps \u00e9nerg\u00e9tiques, les m\u00e9moires des anc\u00eatres et des vies ant\u00e9rieures. Elle utilise des techniques de lib\u00e9ration, d\u2019\u00e9quilibrage et d\u2019harmonisation. Son objectif est de placer la personne sur son chemin de vie en accord avec son c\u0153ur et son \u00e2me.<\/p>\n\n\n\n<p>La relation, qu&rsquo;elle soit de couple ou d&rsquo;une autre nature (membres d&rsquo;une m\u00eame famille, amis, associ\u00e9s, coll\u00e8gues, etc.) est mise \u00e0 l&rsquo;honneur, dans sa dynamique, son expression et son harmonie. Au-del\u00e0 des individus, ce sont les jeux interactionnels qui soudent ou \u00e9loignent. Le NOUS prend alors toute sa place.<\/p>\n\n\n\n<p>Nous consid\u00e9rons que la relation est un \u00e9l\u00e9ment essentiel dans la construction d&rsquo;une famille et d&rsquo;une soci\u00e9t\u00e9 saine. Nous avons donc \u00e0 c\u0153ur de pouvoir aider et ce, de mani\u00e8re efficace gr\u00e2ce \u00e0 nos exp\u00e9riences et nos perceptions affut\u00e9es.<\/p>\n\n\n\n<p>Si vous \u00eates int\u00e9ress\u00e9s, contactez-nous sur&nbsp;<span style=\"text-decoration: underline;\">loanetfabrice@protonmail.com<\/span><\/p>\n\n\n\n<p><!-- Google Tag Manager (noscript) --><br><noscript><iframe loading=\"lazy\" src=\"https:\/\/www.googletagmanager.com\/ns.html?id=GTM-PMTRV76S\" height=\"0\" width=\"0\" style=\"display:none;visibility:hidden\"><\/iframe><\/noscript><br><!-- End Google Tag Manager (noscript) --><br><\/p>\n\n\n<p><!-- Google Tag Manager --><br \/><script>(function(w,d,s,l,i){w[l]=w[l]||[];w[l].push({'gtm.start':<br \/>\nnew Date().getTime(),event:'gtm.js'});var f=d.getElementsByTagName(s)[0],<br \/>\nj=d.createElement(s),dl=l!='dataLayer'?'&l='+l:'';j.async=true;j.src=<br \/>\n'https:\/\/www.googletagmanager.com\/gtm.js?id='+i+dl;f.parentNode.insertBefore(j,f);<br \/>\n})(window,document,'script','dataLayer','GTM-PMTRV76S');<\/script><br \/><!-- End Google Tag Manager --><\/p>","protected":false},"excerpt":{"rendered":"<p>Nous proposons deux formules de s\u00e9ances interactionnelles : 1\/Un format sur 2h00 \u00e0 distance en visio. Cette s\u00e9ance peut \u00eatre unique ou renouvel\u00e9e selon la demande de chacun. 2\/Un intensif sur 2 ou 3 jours en pr\u00e9sentiel (d\u00e9di\u00e9 sp\u00e9cifiquement \u00e0 des personnes ayant besoin de faire un changement significatif dans leur relation). La formule \u00ab\u00a0intensif\u00a0\u00bb [&hellip;]<\/p>\n","protected":false},"author":1,"featured_media":0,"parent":0,"menu_order":0,"comment_status":"closed","ping_status":"closed","template":"","meta":{"footnotes":""},"class_list":["post-517","page","type-page","status-publish","hentry"],"_links":{"self":[{"href":"https:\/\/loanetfabrice.com\/index.php\/wp-json\/wp\/v2\/pages\/517","targetHints":{"allow":["GET"]}}],"collection":[{"href":"https:\/\/loanetfabrice.com\/index.php\/wp-json\/wp\/v2\/pages"}],"about":[{"href":"https:\/\/loanetfabrice.com\/index.php\/wp-json\/wp\/v2\/types\/page"}],"author":[{"embeddable":true,"href":"https:\/\/loanetfabrice.com\/index.php\/wp-json\/wp\/v2\/users\/1"}],"replies":[{"embeddable":true,"href":"https:\/\/loanetfabrice.com\/index.php\/wp-json\/wp\/v2\/comments?post=517"}],"version-history":[{"count":8,"href":"https:\/\/loanetfabrice.com\/index.php\/wp-json\/wp\/v2\/pages\/517\/revisions"}],"predecessor-version":[{"id":1153,"href":"https:\/\/loanetfabrice.com\/index.php\/wp-json\/wp\/v2\/pages\/517\/revisions\/1153"}],"wp:attachment":[{"href":"https:\/\/loanetfabrice.com\/index.php\/wp-json\/wp\/v2\/media?parent=517"}],"curies":[{"name":"wp","href":"https:\/\/api.w.org\/{rel}","templated":true}]}}