{"id":336,"date":"2023-09-25T15:15:35","date_gmt":"2023-09-25T13:15:35","guid":{"rendered":"https:\/\/loanetfabrice.com\/?page_id=336"},"modified":"2026-04-06T14:52:38","modified_gmt":"2026-04-06T12:52:38","slug":"newletter","status":"publish","type":"page","link":"https:\/\/loanetfabrice.com\/index.php\/newletter\/","title":{"rendered":"Newsletter"},"content":{"rendered":"\n<p class=\"has-text-align-center\">Pour tout connaitre sur nos activit\u00e9s en un clic, merci de vous inscrire \u00e0 la newsletter ci-dessous ! <\/p>\n\n\n\n<p><style>\n  @font-face {<br \/>\n    font-display: block;<br \/>\n    font-family: Roboto;<br \/>\n    src: url(https:\/\/assets.brevo.com\/font\/Roboto\/Latin\/normal\/normal\/7529907e9eaf8ebb5220c5f9850e3811.woff2) format(\"woff2\"), url(https:\/\/assets.brevo.com\/font\/Roboto\/Latin\/normal\/normal\/25c678feafdc175a70922a116c9be3e7.woff) format(\"woff\")<br \/>\n  }<\/p>\n<p>  @font-face {<br \/>\n    font-display: fallback;<br \/>\n    font-family: Roboto;<br \/>\n    font-weight: 600;<br \/>\n    src: url(https:\/\/assets.brevo.com\/font\/Roboto\/Latin\/medium\/normal\/6e9caeeafb1f3491be3e32744bc30440.woff2) format(\"woff2\"), url(https:\/\/assets.brevo.com\/font\/Roboto\/Latin\/medium\/normal\/71501f0d8d5aa95960f6475d5487d4c2.woff) format(\"woff\")<br \/>\n  }<\/p>\n<p>  @font-face {<br \/>\n    font-display: fallback;<br \/>\n    font-family: Roboto;<br \/>\n    font-weight: 700;<br \/>\n    src: url(https:\/\/assets.brevo.com\/font\/Roboto\/Latin\/bold\/normal\/3ef7cf158f310cf752d5ad08cd0e7e60.woff2) format(\"woff2\"), url(https:\/\/assets.brevo.com\/font\/Roboto\/Latin\/bold\/normal\/ece3a1d82f18b60bcce0211725c476aa.woff) format(\"woff\")<br \/>\n  }<\/p>\n<p>  #sib-container input:-ms-input-placeholder {<br \/>\n    text-align: left;<br \/>\n    font-family: Helvetica, sans-serif;<br \/>\n    color: #c0ccda;<br \/>\n  }<\/p>\n<p>  #sib-container input::placeholder {<br \/>\n    text-align: left;<br \/>\n    font-family: Helvetica, sans-serif;<br \/>\n    color: #c0ccda;<br \/>\n  }<\/p>\n<p>  #sib-container textarea::placeholder {<br \/>\n    text-align: left;<br \/>\n    font-family: Helvetica, sans-serif;<br \/>\n    color: #c0ccda;<br \/>\n  }<\/p>\n<p>  #sib-container a {<br \/>\n    text-decoration: underline;<br \/>\n    color: #2BB2FC;<br \/>\n  }<br \/>\n<\/style><\/p>\n\n\n\n<!-- Begin Brevo Form -->\n<!-- START - We recommend to place the below code in head tag of your website html  -->\n<style>\n  @font-face {\n    font-display: block;\n    font-family: Roboto;\n    src: url(https:\/\/assets.brevo.com\/font\/Roboto\/Latin\/normal\/normal\/7529907e9eaf8ebb5220c5f9850e3811.woff2) format(\"woff2\"), url(https:\/\/assets.brevo.com\/font\/Roboto\/Latin\/normal\/normal\/25c678feafdc175a70922a116c9be3e7.woff) format(\"woff\")\n  }\n\n  @font-face {\n    font-display: fallback;\n    font-family: Roboto;\n    font-weight: 600;\n    src: url(https:\/\/assets.brevo.com\/font\/Roboto\/Latin\/medium\/normal\/6e9caeeafb1f3491be3e32744bc30440.woff2) format(\"woff2\"), url(https:\/\/assets.brevo.com\/font\/Roboto\/Latin\/medium\/normal\/71501f0d8d5aa95960f6475d5487d4c2.woff) format(\"woff\")\n  }\n\n  @font-face {\n    font-display: fallback;\n    font-family: Roboto;\n    font-weight: 700;\n    src: url(https:\/\/assets.brevo.com\/font\/Roboto\/Latin\/bold\/normal\/3ef7cf158f310cf752d5ad08cd0e7e60.woff2) format(\"woff2\"), url(https:\/\/assets.brevo.com\/font\/Roboto\/Latin\/bold\/normal\/ece3a1d82f18b60bcce0211725c476aa.woff) format(\"woff\")\n  }\n\n  #sib-container input:-ms-input-placeholder {\n    text-align: left;\n    font-family: Helvetica, sans-serif;\n    color: #c0ccda;\n  }\n\n  #sib-container input::placeholder {\n    text-align: left;\n    font-family: Helvetica, sans-serif;\n    color: #c0ccda;\n  }\n\n  #sib-container textarea::placeholder {\n    text-align: left;\n    font-family: Helvetica, sans-serif;\n    color: #c0ccda;\n  }\n\n  #sib-container a {\n    text-decoration: underline;\n    color: #2BB2FC;\n  }\n<\/style>\n<link rel=\"stylesheet\" href=\"https:\/\/sibforms.com\/forms\/end-form\/build\/sib-styles.css\">\n<!--  END - We recommend to place the above code in head tag of your website html -->\n\n<!-- START - We recommend to place the below code where you want the form in your website html  -->\n<div class=\"sib-form\" style=\"text-align: center;\n         background-color: #ece6dc;                                 \">\n  <div id=\"sib-form-container\" class=\"sib-form-container\">\n    <div id=\"error-message\" class=\"sib-form-message-panel\" style=\"font-size:16px; text-align:left; font-family:Helvetica, sans-serif; color:#661d1d; background-color:#ffeded; border-radius:3px; border-color:#ff4949;max-width:540px;\">\n      <div class=\"sib-form-message-panel__text sib-form-message-panel__text--center\">\n        <svg viewBox=\"0 0 512 512\" class=\"sib-icon sib-notification__icon\">\n          <path d=\"M256 40c118.621 0 216 96.075 216 216 0 119.291-96.61 216-216 216-119.244 0-216-96.562-216-216 0-119.203 96.602-216 216-216m0-32C119.043 8 8 119.083 8 256c0 136.997 111.043 248 248 248s248-111.003 248-248C504 119.083 392.957 8 256 8zm-11.49 120h22.979c6.823 0 12.274 5.682 11.99 12.5l-7 168c-.268 6.428-5.556 11.5-11.99 11.5h-8.979c-6.433 0-11.722-5.073-11.99-11.5l-7-168c-.283-6.818 5.167-12.5 11.99-12.5zM256 340c-15.464 0-28 12.536-28 28s12.536 28 28 28 28-12.536 28-28-12.536-28-28-28z\" \/>\n        <\/svg>\n        <span class=\"sib-form-message-panel__inner-text\">\n                          Nous n&#039;avons pas pu confirmer votre inscription.\n                      <\/span>\n      <\/div>\n    <\/div>\n    <div><\/div>\n    <div id=\"success-message\" class=\"sib-form-message-panel\" style=\"font-size:16px; text-align:left; font-family:Helvetica, sans-serif; color:#085229; background-color:#e7faf0; border-radius:3px; border-color:#13ce66;max-width:540px;\">\n      <div class=\"sib-form-message-panel__text sib-form-message-panel__text--center\">\n        <svg viewBox=\"0 0 512 512\" class=\"sib-icon sib-notification__icon\">\n          <path d=\"M256 8C119.033 8 8 119.033 8 256s111.033 248 248 248 248-111.033 248-248S392.967 8 256 8zm0 464c-118.664 0-216-96.055-216-216 0-118.663 96.055-216 216-216 118.664 0 216 96.055 216 216 0 118.663-96.055 216-216 216zm141.63-274.961L217.15 376.071c-4.705 4.667-12.303 4.637-16.97-.068l-85.878-86.572c-4.667-4.705-4.637-12.303.068-16.97l8.52-8.451c4.705-4.667 12.303-4.637 16.97.068l68.976 69.533 163.441-162.13c4.705-4.667 12.303-4.637 16.97.068l8.451 8.52c4.668 4.705 4.637 12.303-.068 16.97z\" \/>\n        <\/svg>\n        <span class=\"sib-form-message-panel__inner-text\">\n                          Votre inscription est confirm\u00e9e.\n                      <\/span>\n      <\/div>\n    <\/div>\n    <div><\/div>\n    <div id=\"sib-container\" class=\"sib-container--large sib-container--vertical\" style=\"text-align:center; background-color:rgba(236,230,220,1); max-width:540px; border-radius:5px; border-width:1px; border-color:#ece6dc; border-style:solid; direction:ltr\">\n      <form id=\"sib-form\" method=\"POST\" action=\"https:\/\/e61a6140.sibforms.com\/serve\/MUIFAC3bzl_k7A8ogZSVF9bnHIlnRIGP9g4kZ09tIMcGdNPIGau3spqiJMA6R7h1jG89n8i9djHETFNyS7MlfuMAjy5pQh1xF_1oAZ0wVmvDzjTaRg_5x7jCrOpOj6_pyBqzxK8XrMSC3iHYmYssv66IAh-lQQ4lP6fK_5QEuLG_PR33PRn9F9EkAE9HU0OFQZuG5yRh3eLD6uVE\" data-type=\"subscription\">\n        <div style=\"padding: 8px 0;\">\n          <div class=\"sib-input sib-form-block\">\n            <div class=\"form__entry entry_block\">\n              <div class=\"form__label-row \">\n                <label class=\"entry__label\" style=\"font-weight: 700; text-align:left; font-size:16px; text-align:left; font-weight:700; font-family:Helvetica, sans-serif; color:#3c4858;\" for=\"EMAIL\" data-required=\"*\">Veuillez renseigner votre adresse email pour vous inscrire<\/label>\n\n                <div class=\"entry__field\">\n                  <input class=\"input \" type=\"text\" id=\"EMAIL\" name=\"EMAIL\" autocomplete=\"off\" placeholder=\"EMAIL\" data-required=\"true\" required \/>\n                <\/div>\n              <\/div>\n\n              <label class=\"entry__error entry__error--primary\" style=\"font-size:16px; text-align:left; font-family:Helvetica, sans-serif; color:#661d1d; background-color:#ffeded; border-radius:3px; border-color:#ff4949;\">\n              <\/label>\n              <label class=\"entry__specification\" style=\"font-size:12px; text-align:left; font-family:Helvetica, sans-serif; color:#8390A4; text-align:left\">\n                Veuillez renseigner votre adresse email pour vous inscrire. Ex. : abc@xyz.com\n              <\/label>\n            <\/div>\n          <\/div>\n        <\/div>\n        <div style=\"padding: 8px 0;\">\n          <div class=\"sib-captcha sib-form-block\">\n            <div class=\"form__entry entry_block\">\n              <div class=\"form__label-row \">\n                <script>\n                  function handleCaptchaResponse() {\n                    var event = new Event('captchaChange');\n                    document.getElementById('sib-captcha').dispatchEvent(event);\n                  }\n                <\/script>\n                <div class=\"g-recaptcha sib-visible-recaptcha\" id=\"sib-captcha\" data-sitekey=\"6LekW8grAAAAAP6ld3IFJYGuYMyXN-duyToj0Da8\" data-callback=\"handleCaptchaResponse\" style=\"direction:ltr\"><\/div>\n              <\/div>\n              <label class=\"entry__error entry__error--primary\" style=\"font-size:16px; text-align:left; font-family:Helvetica, sans-serif; color:#661d1d; background-color:#ffeded; border-radius:3px; border-color:#ff4949;\">\n              <\/label>\n            <\/div>\n          <\/div>\n        <\/div>\n        <div style=\"padding: 8px 0;\">\n          <div class=\"sib-optin sib-form-block\" data-required=\"true\">\n            <div class=\"form__entry entry_mcq\">\n              <div class=\"form__label-row \">\n                <label class=\"entry__label\" style=\"font-weight: 700; text-align:left; font-size:16px; text-align:left; font-weight:700; font-family:Helvetica, sans-serif; color:#3c4858;\" for=\"OPT_IN\" data-required=\"*\">Opt-in<\/label>\n                <div class=\"entry__choice\" style=\"\">\n                  <label>\n                    <input type=\"checkbox\" class=\"input_replaced\" value=\"1\" id=\"OPT_IN\" name=\"OPT_IN\" required \/>\n                    <span class=\"checkbox checkbox_tick_positive\"\n            style=\"margin-left:\"\n            ><\/span><span style=\"font-size:14px; text-align:left; font-family:Helvetica, sans-serif; color:#3C4858; background-color:transparent;\"><p>J&rsquo;accepte de recevoir vos e-mails et confirme avoir pris connaissance de votre politique de confidentialit\u00e9 et mentions l\u00e9gales.<\/p><\/span> <\/label>\n                <\/div>\n              <\/div>\n              <label class=\"entry__error entry__error--primary\" style=\"font-size:16px; text-align:left; font-family:Helvetica, sans-serif; color:#661d1d; background-color:#ffeded; border-radius:3px; border-color:#ff4949;\">\n              <\/label>\n              <label class=\"entry__specification\" style=\"font-size:12px; text-align:left; font-family:Helvetica, sans-serif; color:#8390A4; text-align:left\">\n                Vous pouvez vous d\u00e9sinscrire \u00e0 tout moment en cliquant sur le lien pr\u00e9sent dans nos emails.\n              <\/label>\n            <\/div>\n          <\/div>\n        <\/div>\n        <div style=\"padding: 8px 0;\">\n          <div class=\"sib-form-block\" style=\"text-align: left\">\n            <button class=\"sib-form-block__button sib-form-block__button-with-loader\" style=\"font-size:16px; text-align:left; font-weight:700; font-family:Helvetica, sans-serif; color:#FFFFFF; background-color:#7647a0; border-radius:5px; border-width:0px;\" form=\"sib-form\" type=\"submit\">\n              <svg class=\"icon clickable__icon progress-indicator__icon sib-hide-loader-icon\" viewBox=\"0 0 512 512\" style=\"\">\n                <path d=\"M460.116 373.846l-20.823-12.022c-5.541-3.199-7.54-10.159-4.663-15.874 30.137-59.886 28.343-131.652-5.386-189.946-33.641-58.394-94.896-95.833-161.827-99.676C261.028 55.961 256 50.751 256 44.352V20.309c0-6.904 5.808-12.337 12.703-11.982 83.556 4.306 160.163 50.864 202.11 123.677 42.063 72.696 44.079 162.316 6.031 236.832-3.14 6.148-10.75 8.461-16.728 5.01z\" \/>\n              <\/svg>\n              S&#039;INSCRIRE\n            <\/button>\n          <\/div>\n        <\/div>\n\n        <input type=\"text\" name=\"email_address_check\" value=\"\" class=\"input--hidden\">\n        <input type=\"hidden\" name=\"locale\" value=\"fr\">\n      <\/form>\n    <\/div>\n  <\/div>\n<\/div>\n<!-- END - We recommend to place the above code where you want the form in your website html  -->\n\n<!-- START - We recommend to place the below code in footer or bottom of your website html  -->\n<script>\n  window.REQUIRED_CODE_ERROR_MESSAGE = 'Veuillez choisir un code pays';\n  window.LOCALE = 'fr';\n  window.EMAIL_INVALID_MESSAGE = window.SMS_INVALID_MESSAGE = \"Les informations que vous avez fournies ne sont pas valides. Veuillez v\u00e9rifier le format du champ et r\u00e9essayer.\";\n\n  window.REQUIRED_ERROR_MESSAGE = \"Vous devez renseigner ce champ. \";\n\n  window.GENERIC_INVALID_MESSAGE = \"Les informations que vous avez fournies ne sont pas valides. Veuillez v\u00e9rifier le format du champ et r\u00e9essayer.\";\n\n\n\n\n  window.translation = {\n    common: {\n      selectedList: '{quantity} liste s\u00e9lectionn\u00e9e',\n      selectedLists: '{quantity} listes s\u00e9lectionn\u00e9es',\n      selectedOption: '{quantity} s\u00e9lectionn\u00e9',\n      selectedOptions: '{quantity} s\u00e9lectionn\u00e9s',\n    }\n  };\n\n  var AUTOHIDE = Boolean(1);\n<\/script>\n\n<script defer src=\"https:\/\/sibforms.com\/forms\/end-form\/build\/main.js\"><\/script>\n\n<script src=\"https:\/\/www.google.com\/recaptcha\/api.js?hl=fr\"><\/script>\n\n<!-- END - We recommend to place the above code in footer or bottom of your website html  -->\n<!-- End Brevo Form -->\n\n\n<p><!-- Google Tag Manager (noscript) --><br \/><noscript><iframe src=\"https:\/\/www.googletagmanager.com\/ns.html?id=GTM-PMTRV76S\"\nheight=\"0\" width=\"0\" style=\"display:none;visibility:hidden\"><\/iframe><\/noscript><br \/><!-- End Google Tag Manager (noscript) --><\/p>\n\n<p><!-- Google Tag Manager --><br \/><script>(function(w,d,s,l,i){w[l]=w[l]||[];w[l].push({'gtm.start':<br \/>\nnew Date().getTime(),event:'gtm.js'});var f=d.getElementsByTagName(s)[0],<br \/>\nj=d.createElement(s),dl=l!='dataLayer'?'&l='+l:'';j.async=true;j.src=<br \/>\n'https:\/\/www.googletagmanager.com\/gtm.js?id='+i+dl;f.parentNode.insertBefore(j,f);<br \/>\n})(window,document,'script','dataLayer','GTM-PMTRV76S');<\/script><br \/><!-- End Google Tag Manager --><\/p>\n\n\n<p><\/p>\n","protected":false},"excerpt":{"rendered":"<p>Pour tout connaitre sur nos activit\u00e9s en un clic, merci de vous inscrire \u00e0 la newsletter ci-dessous ! Nous n&#039;avons pas pu confirmer votre inscription. Votre inscription est confirm\u00e9e. Veuillez renseigner votre adresse email pour vous inscrire Veuillez renseigner votre adresse email pour vous inscrire. Ex. : abc@xyz.com Opt-in J&rsquo;accepte de recevoir vos e-mails et [&hellip;]<\/p>\n","protected":false},"author":1,"featured_media":0,"parent":0,"menu_order":0,"comment_status":"closed","ping_status":"closed","template":"","meta":{"footnotes":""},"class_list":["post-336","page","type-page","status-publish","hentry"],"_links":{"self":[{"href":"https:\/\/loanetfabrice.com\/index.php\/wp-json\/wp\/v2\/pages\/336","targetHints":{"allow":["GET"]}}],"collection":[{"href":"https:\/\/loanetfabrice.com\/index.php\/wp-json\/wp\/v2\/pages"}],"about":[{"href":"https:\/\/loanetfabrice.com\/index.php\/wp-json\/wp\/v2\/types\/page"}],"author":[{"embeddable":true,"href":"https:\/\/loanetfabrice.com\/index.php\/wp-json\/wp\/v2\/users\/1"}],"replies":[{"embeddable":true,"href":"https:\/\/loanetfabrice.com\/index.php\/wp-json\/wp\/v2\/comments?post=336"}],"version-history":[{"count":15,"href":"https:\/\/loanetfabrice.com\/index.php\/wp-json\/wp\/v2\/pages\/336\/revisions"}],"predecessor-version":[{"id":1078,"href":"https:\/\/loanetfabrice.com\/index.php\/wp-json\/wp\/v2\/pages\/336\/revisions\/1078"}],"wp:attachment":[{"href":"https:\/\/loanetfabrice.com\/index.php\/wp-json\/wp\/v2\/media?parent=336"}],"curies":[{"name":"wp","href":"https:\/\/api.w.org\/{rel}","templated":true}]}}