{"id":282,"date":"2023-08-30T14:33:46","date_gmt":"2023-08-30T12:33:46","guid":{"rendered":"https:\/\/loanetfabrice.com\/?page_id=282"},"modified":"2026-04-06T14:46:49","modified_gmt":"2026-04-06T12:46:49","slug":"videos","status":"publish","type":"page","link":"https:\/\/loanetfabrice.com\/index.php\/videos\/","title":{"rendered":"Vid\u00e9os"},"content":{"rendered":"\n<p>Ci-dessous, quelques \u00e9missions et interviews auxquelles nous avons particip\u00e9. Vous trouverez d&rsquo;autres vid\u00e9os, en plus de celles-ci, en explorant les th\u00e9matiques des diff\u00e9rents stages. <\/p>\n\n\n\n<p><strong><span style=\"text-decoration: underline;\">Avec Ruddy pour la chaine \u00ab\u00a0Amedcine\u00a0\u00bb<\/span><\/strong><\/p>\n\n\n\n<figure class=\"wp-block-embed is-type-video is-provider-youtube wp-block-embed-youtube wp-embed-aspect-16-9 wp-has-aspect-ratio\"><div class=\"wp-block-embed__wrapper\">\n<iframe loading=\"lazy\" title=\"Ils sont l\u00e0, partout, mais vous ne les voyez pas | Loan Mi\u00e8ge\" width=\"500\" height=\"281\" src=\"https:\/\/www.youtube.com\/embed\/tNgLHrT2yEg?start=233&#038;feature=oembed\" frameborder=\"0\" allow=\"accelerometer; autoplay; clipboard-write; encrypted-media; gyroscope; picture-in-picture; web-share\" referrerpolicy=\"strict-origin-when-cross-origin\" allowfullscreen><\/iframe>\n<\/div><\/figure>\n\n\n\n<p><strong><span style=\"text-decoration: underline;\">Avec St\u00e9phane Cl\u00e9ment pour la chaine \u00ab\u00a0Gaia M\u00e9ditation\u00a0\u00bb<\/span><\/strong><\/p>\n\n\n\n<figure class=\"wp-block-embed is-type-video is-provider-youtube wp-block-embed-youtube wp-embed-aspect-16-9 wp-has-aspect-ratio\"><div class=\"wp-block-embed__wrapper\">\n<iframe loading=\"lazy\" title=\"\u00c0 la Rencontre des Esprits de La Nature (avec Loan Mi\u00e8ge et Fabrice Pierredon)\" width=\"500\" height=\"281\" src=\"https:\/\/www.youtube.com\/embed\/DI4Y_jieWWQ?feature=oembed\" frameborder=\"0\" allow=\"accelerometer; autoplay; clipboard-write; encrypted-media; gyroscope; picture-in-picture; web-share\" referrerpolicy=\"strict-origin-when-cross-origin\" allowfullscreen><\/iframe>\n<\/div><\/figure>\n\n\n\n<figure class=\"wp-block-embed is-type-video is-provider-youtube wp-block-embed-youtube wp-embed-aspect-16-9 wp-has-aspect-ratio\"><div class=\"wp-block-embed__wrapper\">\n<iframe loading=\"lazy\" title=\"Recouvrement d&#039;\u00c2me (avec @loanmiege2707 )\" width=\"500\" height=\"281\" src=\"https:\/\/www.youtube.com\/embed\/C99YxW1iFgs?start=10&#038;feature=oembed\" frameborder=\"0\" allow=\"accelerometer; autoplay; clipboard-write; encrypted-media; gyroscope; picture-in-picture; web-share\" referrerpolicy=\"strict-origin-when-cross-origin\" allowfullscreen><\/iframe>\n<\/div><\/figure>\n\n\n\n<p><strong><span style=\"text-decoration: underline;\">Avec Orlane Dupont \u00ab\u00a0Y&rsquo;a de la joie dans tes oreilles !\u00a0\u00bb<\/span><\/strong><\/p>\n\n\n\n<figure class=\"wp-block-embed is-type-video is-provider-youtube wp-block-embed-youtube wp-embed-aspect-16-9 wp-has-aspect-ratio\"><div class=\"wp-block-embed__wrapper\">\n<iframe loading=\"lazy\" title=\"La M\u00e9diumnit\u00e9 aujourdhui, avec Loan Mi\u00e8ge\" width=\"500\" height=\"281\" src=\"https:\/\/www.youtube.com\/embed\/sVzR65AujUY?feature=oembed\" frameborder=\"0\" allow=\"accelerometer; autoplay; clipboard-write; encrypted-media; gyroscope; picture-in-picture; web-share\" referrerpolicy=\"strict-origin-when-cross-origin\" allowfullscreen><\/iframe>\n<\/div><\/figure>\n\n\n\n<p><strong><span style=\"text-decoration: underline;\">Avec Fr\u00e9d\u00e9ric Barbey <\/span><\/strong><\/p>\n\n\n\n<figure class=\"wp-block-embed is-type-video is-provider-youtube wp-block-embed-youtube wp-embed-aspect-16-9 wp-has-aspect-ratio\"><div class=\"wp-block-embed__wrapper\">\n<iframe loading=\"lazy\" title=\"Pratiques de gu\u00e9rison \u00e9nerg\u00e9tiques et spirituelles (invit\u00e9e : Loan MIEGE, m\u00e9dium)\" width=\"500\" height=\"281\" src=\"https:\/\/www.youtube.com\/embed\/W_ESgWvooXo?feature=oembed\" frameborder=\"0\" allow=\"accelerometer; autoplay; clipboard-write; encrypted-media; gyroscope; picture-in-picture; web-share\" referrerpolicy=\"strict-origin-when-cross-origin\" allowfullscreen><\/iframe>\n<\/div><\/figure>\n\n\n\n<p><strong><span style=\"text-decoration: underline;\">Avec St\u00e9phane Allix pour INREES TV<\/span><\/strong><\/p>\n\n\n\n<figure class=\"wp-block-embed is-type-video is-provider-youtube wp-block-embed-youtube wp-embed-aspect-16-9 wp-has-aspect-ratio\"><div class=\"wp-block-embed__wrapper\">\n<iframe loading=\"lazy\" title=\"Apprendre \u00e0 voir le monde invisible... Beyond S3E9 (Extrait)\" width=\"500\" height=\"281\" src=\"https:\/\/www.youtube.com\/embed\/3MI-RIUD4Jk?feature=oembed\" frameborder=\"0\" allow=\"accelerometer; autoplay; clipboard-write; encrypted-media; gyroscope; picture-in-picture; web-share\" referrerpolicy=\"strict-origin-when-cross-origin\" allowfullscreen><\/iframe>\n<\/div><\/figure>\n\n\n\n<figure class=\"wp-block-embed is-type-video is-provider-youtube wp-block-embed-youtube wp-embed-aspect-16-9 wp-has-aspect-ratio\"><div class=\"wp-block-embed__wrapper\">\n<iframe loading=\"lazy\" title=\"Les 6 du Test - Documentaire (Bande-annonce)\" width=\"500\" height=\"281\" src=\"https:\/\/www.youtube.com\/embed\/ZAwmboap1vM?feature=oembed\" frameborder=\"0\" allow=\"accelerometer; autoplay; clipboard-write; encrypted-media; gyroscope; picture-in-picture; web-share\" referrerpolicy=\"strict-origin-when-cross-origin\" allowfullscreen><\/iframe>\n<\/div><\/figure>\n\n\n\n<p><strong><span style=\"text-decoration: underline;\">Participation au film \u00ab\u00a0YULE\u00a0\u00bb r\u00e9alis\u00e9 par Myl\u00e8ne Baradel pour INREES TV<\/span><\/strong><\/p>\n\n\n\n<figure class=\"wp-block-embed is-type-video is-provider-youtube wp-block-embed-youtube wp-embed-aspect-16-9 wp-has-aspect-ratio\"><div class=\"wp-block-embed__wrapper\">\n<iframe loading=\"lazy\" title=\"Yule : aux origines de No\u00ebl - Documentaire (Bande-annonce)\" width=\"500\" height=\"281\" src=\"https:\/\/www.youtube.com\/embed\/I6tUGVNiO8Q?feature=oembed\" frameborder=\"0\" allow=\"accelerometer; autoplay; clipboard-write; encrypted-media; gyroscope; picture-in-picture; web-share\" referrerpolicy=\"strict-origin-when-cross-origin\" allowfullscreen><\/iframe>\n<\/div><\/figure>\n\n\n\n<p><span style=\"text-decoration: underline;\">Avec Sidney pour \u00ab\u00a0Vibration Nouvelle Terre<\/span>\u00ab\u00a0<\/p>\n\n\n\n<figure class=\"wp-block-embed is-type-video is-provider-youtube wp-block-embed-youtube wp-embed-aspect-16-9 wp-has-aspect-ratio\"><div class=\"wp-block-embed__wrapper\">\n<iframe loading=\"lazy\" title=\"Communier avec les Esprits de la Nature avec Loan Mi\u00e8ge\" width=\"500\" height=\"281\" src=\"https:\/\/www.youtube.com\/embed\/yAHvroDgtBg?feature=oembed\" frameborder=\"0\" allow=\"accelerometer; autoplay; clipboard-write; encrypted-media; gyroscope; picture-in-picture; web-share\" referrerpolicy=\"strict-origin-when-cross-origin\" allowfullscreen><\/iframe>\n<\/div><\/figure>\n\n\n\n<p><strong><span style=\"text-decoration: underline;\">Avec Sylviane Jung<\/span><\/strong><\/p>\n\n\n\n<figure class=\"wp-block-embed is-type-video is-provider-youtube wp-block-embed-youtube wp-embed-aspect-16-9 wp-has-aspect-ratio\"><div class=\"wp-block-embed__wrapper\">\n<iframe loading=\"lazy\" title=\"Comment apprivoiser et d\u00e9velopper sa m\u00e9diumnit\u00e9\" width=\"500\" height=\"281\" src=\"https:\/\/www.youtube.com\/embed\/yBSDpKjcnlo?feature=oembed\" frameborder=\"0\" allow=\"accelerometer; autoplay; clipboard-write; encrypted-media; gyroscope; picture-in-picture; web-share\" referrerpolicy=\"strict-origin-when-cross-origin\" allowfullscreen><\/iframe>\n<\/div><\/figure>\n\n\n\n<p><strong><span style=\"text-decoration: underline;\">Avec Aude Beaus\u00e9jour <\/span><\/strong><\/p>\n\n\n\n<figure class=\"wp-block-embed is-type-video is-provider-youtube wp-block-embed-youtube wp-embed-aspect-16-9 wp-has-aspect-ratio\"><div class=\"wp-block-embed__wrapper\">\n<iframe loading=\"lazy\" title=\"Conseils pour s&#039;incarner avec Loan Miege et Fabrice Pierredon\" width=\"500\" height=\"281\" src=\"https:\/\/www.youtube.com\/embed\/TQckJFpwesI?start=2&#038;feature=oembed\" frameborder=\"0\" allow=\"accelerometer; autoplay; clipboard-write; encrypted-media; gyroscope; picture-in-picture; web-share\" referrerpolicy=\"strict-origin-when-cross-origin\" allowfullscreen><\/iframe>\n<\/div><\/figure>\n\n\n\n<p><strong><span style=\"text-decoration: underline;\">Avec Natacha Le Courtois pour sa chaine Natacha&amp;Co<\/span><\/strong><\/p>\n\n\n\n<figure class=\"wp-block-embed is-type-video is-provider-youtube wp-block-embed-youtube wp-embed-aspect-16-9 wp-has-aspect-ratio\"><div class=\"wp-block-embed__wrapper\">\n<iframe loading=\"lazy\" title=\"Dialogue avec l&#039;au-del\u00e0, la m\u00e9dium Loan Mi\u00e8ge d\u00e9voile ses secrets - partie 1.\" width=\"500\" height=\"281\" src=\"https:\/\/www.youtube.com\/embed\/youbquYq0F4?feature=oembed\" frameborder=\"0\" allow=\"accelerometer; autoplay; clipboard-write; encrypted-media; gyroscope; picture-in-picture; web-share\" referrerpolicy=\"strict-origin-when-cross-origin\" allowfullscreen><\/iframe>\n<\/div><\/figure>\n\n\n\n<figure class=\"wp-block-embed is-type-video is-provider-youtube wp-block-embed-youtube wp-embed-aspect-16-9 wp-has-aspect-ratio\"><div class=\"wp-block-embed__wrapper\">\n<iframe loading=\"lazy\" title=\"D\u00e9couvrez les secrets de la m\u00e9diumnit\u00e9 - Loan Mi\u00e8ge - 2\u00e8me partie\" width=\"500\" height=\"281\" src=\"https:\/\/www.youtube.com\/embed\/gMKOP_pk_Zg?feature=oembed\" frameborder=\"0\" allow=\"accelerometer; autoplay; clipboard-write; encrypted-media; gyroscope; picture-in-picture; web-share\" referrerpolicy=\"strict-origin-when-cross-origin\" allowfullscreen><\/iframe>\n<\/div><\/figure>\n\n\n\n<figure class=\"wp-block-embed is-type-video is-provider-youtube wp-block-embed-youtube wp-embed-aspect-16-9 wp-has-aspect-ratio\"><div class=\"wp-block-embed__wrapper\">\n<iframe loading=\"lazy\" title=\"Au coeur de la m\u00e9diumnit\u00e9 - Loan Mi\u00e8ge 3\u00e8me partie.\" width=\"500\" height=\"281\" src=\"https:\/\/www.youtube.com\/embed\/jVzqomFsc_c?feature=oembed\" frameborder=\"0\" allow=\"accelerometer; autoplay; clipboard-write; encrypted-media; gyroscope; picture-in-picture; web-share\" referrerpolicy=\"strict-origin-when-cross-origin\" allowfullscreen><\/iframe>\n<\/div><\/figure>\n\n\n\n<figure class=\"wp-block-embed is-type-video is-provider-youtube wp-block-embed-youtube wp-embed-aspect-16-9 wp-has-aspect-ratio\"><div class=\"wp-block-embed__wrapper\">\n<iframe loading=\"lazy\" title=\"interview 4\u00e8me partie\" width=\"500\" height=\"281\" src=\"https:\/\/www.youtube.com\/embed\/GuHQcZX8VcY?feature=oembed\" frameborder=\"0\" allow=\"accelerometer; autoplay; clipboard-write; encrypted-media; gyroscope; picture-in-picture; web-share\" referrerpolicy=\"strict-origin-when-cross-origin\" allowfullscreen><\/iframe>\n<\/div><\/figure>\n\n\n<p><!-- Google Tag Manager --><br \/><script>(function(w,d,s,l,i){w[l]=w[l]||[];w[l].push({'gtm.start':<br \/>\nnew Date().getTime(),event:'gtm.js'});var f=d.getElementsByTagName(s)[0],<br \/>\nj=d.createElement(s),dl=l!='dataLayer'?'&l='+l:'';j.async=true;j.src=<br \/>\n'https:\/\/www.googletagmanager.com\/gtm.js?id='+i+dl;f.parentNode.insertBefore(j,f);<br \/>\n})(window,document,'script','dataLayer','GTM-PMTRV76S');<\/script><br \/><!-- End Google Tag Manager --><\/p>","protected":false},"excerpt":{"rendered":"<p>Ci-dessous, quelques \u00e9missions et interviews auxquelles nous avons particip\u00e9. Vous trouverez d&rsquo;autres vid\u00e9os, en plus de celles-ci, en explorant les th\u00e9matiques des diff\u00e9rents stages. Avec Ruddy pour la chaine \u00ab\u00a0Amedcine\u00a0\u00bb Avec St\u00e9phane Cl\u00e9ment pour la chaine \u00ab\u00a0Gaia M\u00e9ditation\u00a0\u00bb Avec Orlane Dupont \u00ab\u00a0Y&rsquo;a de la joie dans tes oreilles !\u00a0\u00bb Avec Fr\u00e9d\u00e9ric Barbey Avec St\u00e9phane Allix [&hellip;]<\/p>\n","protected":false},"author":1,"featured_media":0,"parent":0,"menu_order":0,"comment_status":"closed","ping_status":"closed","template":"","meta":{"footnotes":""},"class_list":["post-282","page","type-page","status-publish","hentry"],"_links":{"self":[{"href":"https:\/\/loanetfabrice.com\/index.php\/wp-json\/wp\/v2\/pages\/282","targetHints":{"allow":["GET"]}}],"collection":[{"href":"https:\/\/loanetfabrice.com\/index.php\/wp-json\/wp\/v2\/pages"}],"about":[{"href":"https:\/\/loanetfabrice.com\/index.php\/wp-json\/wp\/v2\/types\/page"}],"author":[{"embeddable":true,"href":"https:\/\/loanetfabrice.com\/index.php\/wp-json\/wp\/v2\/users\/1"}],"replies":[{"embeddable":true,"href":"https:\/\/loanetfabrice.com\/index.php\/wp-json\/wp\/v2\/comments?post=282"}],"version-history":[{"count":9,"href":"https:\/\/loanetfabrice.com\/index.php\/wp-json\/wp\/v2\/pages\/282\/revisions"}],"predecessor-version":[{"id":1069,"href":"https:\/\/loanetfabrice.com\/index.php\/wp-json\/wp\/v2\/pages\/282\/revisions\/1069"}],"wp:attachment":[{"href":"https:\/\/loanetfabrice.com\/index.php\/wp-json\/wp\/v2\/media?parent=282"}],"curies":[{"name":"wp","href":"https:\/\/api.w.org\/{rel}","templated":true}]}}