{"id":200,"date":"2023-08-23T15:46:15","date_gmt":"2023-08-23T13:46:15","guid":{"rendered":"https:\/\/loanetfabrice.com\/?page_id=200"},"modified":"2026-03-09T13:20:06","modified_gmt":"2026-03-09T12:20:06","slug":"a-la-rencontre-des-esprits-de-la-nature","status":"publish","type":"page","link":"https:\/\/loanetfabrice.com\/index.php\/a-la-rencontre-des-esprits-de-la-nature\/","title":{"rendered":"A la rencontre des Esprits de la Nature"},"content":{"rendered":"<!-- Google Tag Manager -->\n<script>(function(w,d,s,l,i){w[l]=w[l]||[];w[l].push({'gtm.start':\nnew Date().getTime(),event:'gtm.js'});var f=d.getElementsByTagName(s)[0],\nj=d.createElement(s),dl=l!='dataLayer'?'&l='+l:'';j.async=true;j.src=\n'https:\/\/www.googletagmanager.com\/gtm.js?id='+i+dl;f.parentNode.insertBefore(j,f);\n})(window,document,'script','dataLayer','GTM-PMTRV76S');<\/script>\n<!-- End Google Tag Manager -->\n\n<figure class=\"wp-block-image size-large\"><img loading=\"lazy\" decoding=\"async\" width=\"802\" height=\"1024\" src=\"https:\/\/loanetfabrice.com\/wp-content\/uploads\/2023\/08\/Livre-20-802x1024.jpg\" alt=\"\" class=\"wp-image-201\" style=\"aspect-ratio:4\/3;object-fit:contain\" srcset=\"https:\/\/loanetfabrice.com\/wp-content\/uploads\/2023\/08\/Livre-20-802x1024.jpg 802w, https:\/\/loanetfabrice.com\/wp-content\/uploads\/2023\/08\/Livre-20-235x300.jpg 235w, https:\/\/loanetfabrice.com\/wp-content\/uploads\/2023\/08\/Livre-20-768x980.jpg 768w, https:\/\/loanetfabrice.com\/wp-content\/uploads\/2023\/08\/Livre-20.jpg 804w\" sizes=\"auto, (max-width: 802px) 100vw, 802px\" \/><\/figure>\n\n\n\n<!-- Google Tag Manager (noscript) -->\n<noscript><iframe src=\"https:\/\/www.googletagmanager.com\/ns.html?id=GTM-PMTRV76S\"\nheight=\"0\" width=\"0\" style=\"display:none;visibility:hidden\"><\/iframe><\/noscript>\n<!-- End Google Tag Manager (noscript) -->\n<p>Ce livre est destin\u00e9 aux amoureux de la Nature, jardiniers sensibles, chercheurs de Lumi\u00e8re, explorateurs de terres nouvelles, petits et grands, \u00e0 tous ceux qui souhaitent r\u00e9-enchanter leur Vie. Il repr\u00e9sente une porte vers un monde o\u00f9 le visible et l\u2019invisible se c\u00f4toient dans l\u2019Harmonie.<\/p>\n\n\n\n<p>Au fil d\u2019une promenade en for\u00eat, la premi\u00e8re partie fournit tous les outils n\u00e9cessaires pour communiquer avec les Esprits de la Nature. Les explications y sont simples et compr\u00e9hensibles. Son objectif est de rendre accessible \u00e0 tous ce domaine qui a trop longtemps \u00e9t\u00e9 le territoire d\u2019une minorit\u00e9 initi\u00e9e. Aujourd\u2019hui, le temps est venu de propager ces outils afin que leur utilisation puisse devenir aussi naturelle que les gestes du quotidien. Ensuite, c\u2019est un voyage aux quatre coins du monde qui nous est propos\u00e9. Les Esprits de la Nature sont pr\u00e9sents partout sur Terre. Je me suis munie d\u2019un enregistreur et d\u2019un appareil photo, et telle une journaliste, est partie \u00e0 leur rencontre. Cette aventure hors du commun r\u00e9unit 42 interviews, toutes surprenantes et riches d\u2019enseignements. Elles ouvrent le champ des possibles et encouragent le lecteur \u00e0 oser vivre ses propres exp\u00e9riences. La troisi\u00e8me et derni\u00e8re partie nous invite \u00e0 approfondir notre relation avec les Esprits de la Nature. Elle d\u00e9passe l\u2019id\u00e9e d\u2019une simple et occasionnelle rencontre. Elle pousse la r\u00e9flexion plus loin, c\u2019est-\u00e0-dire \u00e0 l\u2019int\u00e9rieur de Soi, afin de trouver l\u2019accord juste nous permettant d\u2019\u00eatre sur la m\u00eame longueur d\u2019onde. De cette connexion d\u00e9coule une v\u00e9ritable initiation, porteuse de transformation et d\u2019\u00e9panouissement. La Vie trouve alors un nouveau sens. Elle se pare de merveilleux et de sacr\u00e9. Elle lie tous les \u00eatres, quelle que soit leur nature. Elle unit les c\u0153urs pour qu\u2019ensemble, nous devenions co-cr\u00e9ateurs de l\u2019\u00e9volution de la plan\u00e8te et que celle-ci puisse continuer \u00e0 \u00eatre ce qu\u2019elle a toujours \u00e9t\u00e9 : une Terre Enchant\u00e9e.<\/p>\n\n\n\n<p>Pour le commander directement chez l&rsquo;\u00e9diteur \u00ab\u00a0Exergue\u00a0\u00bb, maison Tr\u00e9daniel : c&rsquo;est&nbsp;<strong><a rel=\"noreferrer noopener\" href=\"https:\/\/www.editions-tredaniel.com\/la-rencontre-des-esprits-de-la-nature-p-6078.html\" target=\"_blank\">ICI<\/a>&nbsp;<\/strong>!&nbsp;<\/p>\n","protected":false},"excerpt":{"rendered":"<p>Ce livre est destin\u00e9 aux amoureux de la Nature, jardiniers sensibles, chercheurs de Lumi\u00e8re, explorateurs de terres nouvelles, petits et grands, \u00e0 tous ceux qui souhaitent r\u00e9-enchanter leur Vie. Il repr\u00e9sente une porte vers un monde o\u00f9 le visible et l\u2019invisible se c\u00f4toient dans l\u2019Harmonie. Au fil d\u2019une promenade en for\u00eat, la premi\u00e8re partie fournit [&hellip;]<\/p>\n","protected":false},"author":1,"featured_media":0,"parent":0,"menu_order":0,"comment_status":"closed","ping_status":"closed","template":"","meta":{"footnotes":""},"class_list":["post-200","page","type-page","status-publish","hentry"],"_links":{"self":[{"href":"https:\/\/loanetfabrice.com\/index.php\/wp-json\/wp\/v2\/pages\/200","targetHints":{"allow":["GET"]}}],"collection":[{"href":"https:\/\/loanetfabrice.com\/index.php\/wp-json\/wp\/v2\/pages"}],"about":[{"href":"https:\/\/loanetfabrice.com\/index.php\/wp-json\/wp\/v2\/types\/page"}],"author":[{"embeddable":true,"href":"https:\/\/loanetfabrice.com\/index.php\/wp-json\/wp\/v2\/users\/1"}],"replies":[{"embeddable":true,"href":"https:\/\/loanetfabrice.com\/index.php\/wp-json\/wp\/v2\/comments?post=200"}],"version-history":[{"count":5,"href":"https:\/\/loanetfabrice.com\/index.php\/wp-json\/wp\/v2\/pages\/200\/revisions"}],"predecessor-version":[{"id":1047,"href":"https:\/\/loanetfabrice.com\/index.php\/wp-json\/wp\/v2\/pages\/200\/revisions\/1047"}],"wp:attachment":[{"href":"https:\/\/loanetfabrice.com\/index.php\/wp-json\/wp\/v2\/media?parent=200"}],"curies":[{"name":"wp","href":"https:\/\/api.w.org\/{rel}","templated":true}]}}