{"id":174,"date":"2023-08-23T14:12:04","date_gmt":"2023-08-23T12:12:04","guid":{"rendered":"https:\/\/loanetfabrice.com\/?page_id=174"},"modified":"2026-03-09T13:44:07","modified_gmt":"2026-03-09T12:44:07","slug":"les-esprits-de-la-nature-en-video","status":"publish","type":"page","link":"https:\/\/loanetfabrice.com\/index.php\/les-esprits-de-la-nature-en-video\/","title":{"rendered":"Les Esprits de la Nature en vid\u00e9o"},"content":{"rendered":"<!-- Google Tag Manager -->\n<script>(function(w,d,s,l,i){w[l]=w[l]||[];w[l].push({'gtm.start':\nnew Date().getTime(),event:'gtm.js'});var f=d.getElementsByTagName(s)[0],\nj=d.createElement(s),dl=l!='dataLayer'?'&l='+l:'';j.async=true;j.src=\n'https:\/\/www.googletagmanager.com\/gtm.js?id='+i+dl;f.parentNode.insertBefore(j,f);\n})(window,document,'script','dataLayer','GTM-PMTRV76S');<\/script>\n<!-- End Google Tag Manager -->\n\n<figure class=\"wp-block-embed is-type-video is-provider-youtube wp-block-embed-youtube wp-embed-aspect-16-9 wp-has-aspect-ratio\"><div class=\"wp-block-embed__wrapper\">\n<iframe loading=\"lazy\" title=\"Les Esprits de la Nature, formation en vid\u00e9o de Loan MIEGE\" width=\"500\" height=\"281\" src=\"https:\/\/www.youtube.com\/embed\/4Y5xktIbWxU?feature=oembed\" frameborder=\"0\" allow=\"accelerometer; autoplay; clipboard-write; encrypted-media; gyroscope; picture-in-picture; web-share\" referrerpolicy=\"strict-origin-when-cross-origin\" allowfullscreen><\/iframe>\n<\/div><\/figure>\n\n\n\n<!-- Google Tag Manager (noscript) -->\n<noscript><iframe src=\"https:\/\/www.googletagmanager.com\/ns.html?id=GTM-PMTRV76S\"\nheight=\"0\" width=\"0\" style=\"display:none;visibility:hidden\"><\/iframe><\/noscript>\n<!-- End Google Tag Manager (noscript) -->\n<p>Voyage exceptionnel dans de somptueux paysages, cette formation&nbsp;en ligne&nbsp;vous apprend \u00e0 tisser des liens concrets avec les Esprits de la Nature gr\u00e2ce \u00e0 des enseignements universels et des exercices pratiques.<\/p>\n\n\n\n<p>Venez la d\u00e9couvrir\u00a0sur la page de mon \u00e9diteur : <a href=\"https:\/\/formation.editions-tredaniel.com\/les-esprits-de-la-nature\/\" target=\"_blank\" rel=\"noopener\"><strong>TREDANIEL-FORMATION<\/strong><\/a><\/p>\n\n\n\n<p>Le domaine de l\u2019invisible a trop longtemps \u00e9t\u00e9 accapar\u00e9 par une minorit\u00e9 initi\u00e9e. Le moment est venu de l\u2019ouvrir au plus grand nombre afin que le monde puisse rayonner dans toutes ses dimensions, visibles et invisibles. Dans cet \u00e9lan, les Esprits de la Nature nous invitent \u00e0 traverser le voile et \u00e0 venir les rencontrer. Ils nous encouragent \u00e0 red\u00e9couvrir notre sensibilit\u00e9 et nos propres capacit\u00e9s \u00e0 communiquer avec l\u2019invisible. Ils nous guident sur un chemin o\u00f9 le Sacr\u00e9 prend tout son sens et sa juste place. Ils nous proposent une v\u00e9ritable initiation afin de nous faire grandir en conscience. A travers cette formation, les Esprits de la Nature souhaitent que tous les \u00eatres, quel que soit leur r\u00e8gne, visibles ou invisibles, puissent unir leur c\u0153ur et devenir cocr\u00e9ateurs de l\u2019\u00e9volution de la plan\u00e8te Terre.<\/p>\n\n\n\n<p>Missionn\u00e9e par les Esprits de la Nature, Loan Mi\u00e8ge vous guide joyeusement pas \u00e0 pas. Elle vous transmet un enseignement clair et accessible \u00e0 tous, petits et grands. La th\u00e9matique des Esprits de la Nature rassemble toutes les g\u00e9n\u00e9rations. Il est donc vivement conseill\u00e9 de partager cette formation, et de pratiquer les exercices propos\u00e9s en solo, en duo, en famille ou entre amis.<\/p>\n\n\n\n<p>Au fil d\u2019un itin\u00e9raire en 8 chapitres, vous apprendrez \u00e0 :<\/p>\n\n\n\n<ul class=\"wp-block-list\">\n<li>Savoir reconnaitre et distinguer les diff\u00e9rents Esprits de la Nature<\/li>\n\n\n\n<li>Vous pr\u00e9parer \u00e0 leur rencontre<\/li>\n\n\n\n<li>Constituer un sac d\u2019offrandes<\/li>\n\n\n\n<li>Utiliser des outils de d\u00e9tection (pendule, baguettes, tenseur,\u2026)<\/li>\n\n\n\n<li>Faire une recherche sur plan<\/li>\n\n\n\n<li>Pratiquer le dessin inspir\u00e9<\/li>\n\n\n\n<li>Explorer vos moyens de communications subtils (bulle \u00e9nerg\u00e9tique, chakras, filaments neuronaux et capacit\u00e9s extrasensorielles)<\/li>\n\n\n\n<li>Entrer dans les territoires sacr\u00e9s de la Nature<\/li>\n\n\n\n<li>Rencontrer et communiquer avec les Esprits de la Nature<\/li>\n\n\n\n<li>Etablir des liens concrets avec les Esprits de la Nature \u00e0 la maison et au jardin<\/li>\n\n\n\n<li>Cr\u00e9er un partenariat amical avec un Esprit de la Nature<\/li>\n\n\n\n<li>Pratiquer les soins \u00e9nerg\u00e9tiques avec les Esprits de la Nature<\/li>\n\n\n\n<li>D\u00e9couvrir votre propre facette \u00ab Esprits de la Nature \u00bb : votre Elemental Totem<\/li>\n\n\n\n<li>Effectuer un \u00ab passage d\u2019\u00e2mes \u00bb pour les Esprits de la Nature<\/li>\n\n\n\n<li>Vous relier \u00e0 Ga\u00efa, l\u2019Esprit de la plan\u00e8te Terre, et \u00e0 harmoniser un lieu<\/li>\n\n\n\n<li>Cocr\u00e9er avec les Esprits de la Nature<\/li>\n<\/ul>\n\n\n\n<p>Dans cette formation, Loan vous propose une trentaine de d\u00e9monstrations et d\u2019exercices pratiques ponctu\u00e9s par la pr\u00e9sence des Esprits de la Nature, ainsi que 3 m\u00e9ditations guid\u00e9es in\u00e9dites : \u00ab Activation des capacit\u00e9s extrasensorielles \u00bb, \u00ab Rencontre avec son El\u00e9mental Totem \u00bb, et \u00ab Toucher l\u2019Unit\u00e9 \u00bb (CD num\u00e9rique inclus). Aussi, elle vous emm\u00e8ne en promenade afin de vous transmettre comment entrer dans les territoires sacr\u00e9s, et de vous faire vivre 11 rencontres enchant\u00e9es avec diff\u00e9rents Esprits de la Nature in situ. Plus qu\u2019une formation, elle vous propose une immersion au c\u0153ur de la Nature dans des paysages somptueux, rendant hommage \u00e0 la beaut\u00e9 de la Cr\u00e9ation.<\/p>\n\n\n\n<p>Venez la d\u00e9couvrir sur la page de mon \u00e9diteur : <a href=\"https:\/\/formation.editions-tredaniel.com\/les-esprits-de-la-nature\/\" target=\"_blank\" rel=\"noopener\"><strong>TREDANIEL-FORMATION<\/strong><\/a><\/p>\n\n\n\n<p>Et voici les webinaires gratuits de pr\u00e9sentation, une opportunit\u00e9 de partager un maximum de connaissances avec vous :<\/p>\n\n\n\n<figure class=\"wp-block-embed is-type-video is-provider-youtube wp-block-embed-youtube wp-embed-aspect-16-9 wp-has-aspect-ratio\" style=\"margin-top:var(--wp--preset--spacing--40);margin-bottom:var(--wp--preset--spacing--40)\"><div class=\"wp-block-embed__wrapper\">\n<iframe loading=\"lazy\" title=\"Les Esprits de la Nature s&#039;invitent chez vous - Webinaire Loan Mi\u00e8ge\" width=\"500\" height=\"281\" src=\"https:\/\/www.youtube.com\/embed\/6gwGDK8gjBo?feature=oembed\" frameborder=\"0\" allow=\"accelerometer; autoplay; clipboard-write; encrypted-media; gyroscope; picture-in-picture; web-share\" referrerpolicy=\"strict-origin-when-cross-origin\" allowfullscreen><\/iframe>\n<\/div><\/figure>\n\n\n\n<figure class=\"wp-block-embed is-type-video is-provider-youtube wp-block-embed-youtube wp-embed-aspect-16-9 wp-has-aspect-ratio\"><div class=\"wp-block-embed__wrapper\">\n<iframe loading=\"lazy\" title=\"Les Esprits de la Nature s&#039;installent chez vous ! Webinaire de Loan Mi\u00e8ge\" width=\"500\" height=\"281\" src=\"https:\/\/www.youtube.com\/embed\/dfD703HrMa0?start=16&#038;feature=oembed\" frameborder=\"0\" allow=\"accelerometer; autoplay; clipboard-write; encrypted-media; gyroscope; picture-in-picture; web-share\" referrerpolicy=\"strict-origin-when-cross-origin\" allowfullscreen><\/iframe>\n<\/div><\/figure>\n","protected":false},"excerpt":{"rendered":"<p>Voyage exceptionnel dans de somptueux paysages, cette formation&nbsp;en ligne&nbsp;vous apprend \u00e0 tisser des liens concrets avec les Esprits de la Nature gr\u00e2ce \u00e0 des enseignements universels et des exercices pratiques. Venez la d\u00e9couvrir\u00a0sur la page de mon \u00e9diteur : TREDANIEL-FORMATION Le domaine de l\u2019invisible a trop longtemps \u00e9t\u00e9 accapar\u00e9 par une minorit\u00e9 initi\u00e9e. Le moment [&hellip;]<\/p>\n","protected":false},"author":1,"featured_media":0,"parent":0,"menu_order":0,"comment_status":"closed","ping_status":"closed","template":"","meta":{"footnotes":""},"class_list":["post-174","page","type-page","status-publish","hentry"],"_links":{"self":[{"href":"https:\/\/loanetfabrice.com\/index.php\/wp-json\/wp\/v2\/pages\/174","targetHints":{"allow":["GET"]}}],"collection":[{"href":"https:\/\/loanetfabrice.com\/index.php\/wp-json\/wp\/v2\/pages"}],"about":[{"href":"https:\/\/loanetfabrice.com\/index.php\/wp-json\/wp\/v2\/types\/page"}],"author":[{"embeddable":true,"href":"https:\/\/loanetfabrice.com\/index.php\/wp-json\/wp\/v2\/users\/1"}],"replies":[{"embeddable":true,"href":"https:\/\/loanetfabrice.com\/index.php\/wp-json\/wp\/v2\/comments?post=174"}],"version-history":[{"count":6,"href":"https:\/\/loanetfabrice.com\/index.php\/wp-json\/wp\/v2\/pages\/174\/revisions"}],"predecessor-version":[{"id":924,"href":"https:\/\/loanetfabrice.com\/index.php\/wp-json\/wp\/v2\/pages\/174\/revisions\/924"}],"wp:attachment":[{"href":"https:\/\/loanetfabrice.com\/index.php\/wp-json\/wp\/v2\/media?parent=174"}],"curies":[{"name":"wp","href":"https:\/\/api.w.org\/{rel}","templated":true}]}}